{"id":7108,"date":"2026-01-09T11:52:27","date_gmt":"2026-01-09T10:52:27","guid":{"rendered":"https:\/\/cgh.q.test.ideo.pl\/?post_type=product&#038;p=7108"},"modified":"2026-04-20T01:57:16","modified_gmt":"2026-04-19T23:57:16","slug":"grass-cover-chambers-qta1-ta1-2","status":"publish","type":"product","link":"https:\/\/cgh-group.com\/en\/products\/fuel\/fuel-bases\/accessories-and-tank-equipment\/grass-cover-chambers-qta1-ta1-2\/","title":{"rendered":"Grass-Cover Chambers QTA1, TA1"},"content":{"rendered":"<div class=\"align wp-block-sage-columns-section-with-icon-features\">\n  <section class=\"bg-primary text-neutral-900\">\n    <div class=\"container mx-auto\">\n              <header class=\"p-4 md:p-8\">\n          <h2 class=\"text-3xl md:text-4xl font-bold mb-4\">\n            Why choose TA\u2011type turf chambers?\n          <\/h2>\n        <\/header>\n      \n      \n              <div class=\"p-4 pb-10 md:pb-16 md:p-8 grid grid-cols-1 md:grid-cols-3 gap-10 md:gap-12\">\n                      <article class=\"flex flex-col h-full border-t border-neutral-900\/20 pt-10 md:pt-0 md:border-t-0 md:border-l md:border-neutral-900\/20 md:pl-10 first:border-t-0 first:pt-0 md:[&#038;:nth-child(3n+1)]:border-l-0 md:[&#038;:nth-child(3n+1)]:pl-0\">\n                              <div class=\"mb-4\">\n                  <img decoding=\"async\" src=\"https:\/\/cgh-group.com\/wp-content\/uploads\/2025\/11\/shield-check.svg\" class=\"w-10 h-10 mb-4 text-yellow-400\" alt=\"\" \/>\n                <\/div>\n              \n                              <div class=\"text-sm md:text-base text-neutral-900\/80\">\n                  <p><strong>Durability and safety<\/strong><\/p>\n<ul>\n<li>High\u2011quality steel construction provides resistance to mechanical damage.<\/li>\n<li>A system preventing the cover from falling and the option to secure it with a padlock ensure safe operation.<\/li>\n<\/ul>\n\n                <\/div>\n                          <\/article>\n                      <article class=\"flex flex-col h-full border-t border-neutral-900\/20 pt-10 md:pt-0 md:border-t-0 md:border-l md:border-neutral-900\/20 md:pl-10 first:border-t-0 first:pt-0 md:[&#038;:nth-child(3n+1)]:border-l-0 md:[&#038;:nth-child(3n+1)]:pl-0\">\n                              <div class=\"mb-4\">\n                  <img decoding=\"async\" src=\"https:\/\/cgh-group.com\/wp-content\/uploads\/2025\/11\/paint-bucket.svg\" class=\"w-10 h-10 mb-4 text-yellow-400\" alt=\"\" \/>\n                <\/div>\n              \n                              <div class=\"text-sm md:text-base text-neutral-900\/80\">\n                  <p><strong>Functionality and comfort<\/strong><\/p>\n<ul>\n<li>Easy access to tank fittings during filling, inspection, and servicing.<\/li>\n<li>Designed for green\u2011area installation without affecting the landscape.<\/li>\n<\/ul>\n\n                <\/div>\n                          <\/article>\n                      <article class=\"flex flex-col h-full border-t border-neutral-900\/20 pt-10 md:pt-0 md:border-t-0 md:border-l md:border-neutral-900\/20 md:pl-10 first:border-t-0 first:pt-0 md:[&#038;:nth-child(3n+1)]:border-l-0 md:[&#038;:nth-child(3n+1)]:pl-0\">\n                              <div class=\"mb-4\">\n                  <img decoding=\"async\" src=\"https:\/\/cgh-group.com\/wp-content\/uploads\/2025\/11\/folder-git-2.svg\" class=\"w-10 h-10 mb-4 text-yellow-400\" alt=\"\" \/>\n                <\/div>\n              \n                              <div class=\"text-sm md:text-base text-neutral-900\/80\">\n                  <p><strong>Easy installation<\/strong><\/p>\n<ul>\n<li>Fast and simple assembly using bolts that attach the chamber to the factory-installed tank neck frame.<\/li>\n<\/ul>\n\n                <\/div>\n                          <\/article>\n                  <\/div>\n          <\/div>\n  <\/section>\n<\/div>\n\n<div class=\"align wp-block-sage-columns-section-with-icon-features-overlay\">\n  <section class=\"relative bg-neutral-700 text-white\">\n    \n    <div class=\"relative container mx-auto\">\n              <header class=\"p-8\">\n          <h2 class=\"text-2xl md:text-3xl lg:text-4xl font-bold text-white\">\n            Applications of TA-type turf chambers\n          <\/h2>\n        <\/header>\n      \n              <div class=\"p-8 pt-0 pb-8 text-base text-neutral-100\/90\">\n          <p>QTA1 and TA1 turf chambers are more than standard protection for fuel tanks \u2013 they are a thoughtful combination of durability, functionality, and aesthetics, meeting the needs of the most demanding installations. Thanks to their solid construction, simple installation, and three anticorrosion options, they ensure reliable protection of tank fittings in green areas without affecting the natural surroundings. <\/p>\n\n        <\/div>\n      \n              <div class=\"grid grid-cols-1 md:grid-cols-2 pb-8\">\n                      <article class=\"flex flex-col mb-8 pb-0 p-8 md:flex-row lg:flex-col md:items-start gap-4 border-t border-white\/20 md:border-t-0 md:border-l md:[&#038;:nth-child(2n+1)]:border-l-0\">\n                              <div class=\"shrink-0\" style=\"filter: brightness(0) invert(1);\">\n                  <img decoding=\"async\" src=\"https:\/\/cgh-group.com\/wp-content\/uploads\/2025\/11\/droplet-off.svg\" class=\"w-10 h-10 mb-4 text-yellow-400\" alt=\"\" \/>\n                <\/div>\n              \n                              <div class=\"text-sm md:text-base text-neutral-100\/90\">\n                  <p>Fuel stations: Safe access to underground tanks located in green areas.<\/p>\n\n                <\/div>\n                          <\/article>\n                      <article class=\"flex flex-col mb-8 pb-0 p-8 md:flex-row lg:flex-col md:items-start gap-4 border-t border-white\/20 md:border-t-0 md:border-l md:[&#038;:nth-child(2n+1)]:border-l-0\">\n                              <div class=\"shrink-0\" style=\"filter: brightness(0) invert(1);\">\n                  <img decoding=\"async\" src=\"https:\/\/cgh-group.com\/wp-content\/uploads\/2025\/11\/thermometer-sun.svg\" class=\"w-10 h-10 mb-4 text-yellow-400\" alt=\"\" \/>\n                <\/div>\n              \n                              <div class=\"text-sm md:text-base text-neutral-100\/90\">\n                  <p>Fuel depots: Protection of fittings in zones without vehicle traffic.<\/p>\n\n                <\/div>\n                          <\/article>\n                      <article class=\"flex flex-col mb-8 pb-0 p-8 md:flex-row lg:flex-col md:items-start gap-4 border-t border-white\/20 md:border-t-0 md:border-l md:[&#038;:nth-child(2n+1)]:border-l-0\">\n              \n                              <div class=\"text-sm md:text-base text-neutral-100\/90\">\n                  <p>Industry: For tanks surrounded by greenery on industrial premises.<\/p>\n\n                <\/div>\n                          <\/article>\n                  <\/div>\n          <\/div>\n  <\/section>\n<\/div>\n\n<div class=\"align wp-block-sage-product-showcase\">\n  <section class=\"product-showcase container mx-auto mt-8 mb-10 md:mt-14 md:mb-19\">\n    <h2 class=\"text-2xl md:text-3xl font-bold p-8 font-space-grotesk\">Specyfikacja techniczna, czyli najwa\u017cniejsze parametry, kt\u00f3re musisz zna\u0107<\/h2>\n    <div class=\"grid grid-cols-1 gap-8 lg:grid-cols-2 lg:gap-10\">\n      <div>\n        <section\n          class=\"relative w-full flex overflow-hidden aspect-[4\/3]\"\n        >\n          <div class=\"slider flex w-full h-full\">\n            <div class=\"swiper-wrapper\">\n                              <div class=\"swiper-slide\">\n                  <div class=\"absolute inset-0 z-0\">\n                    <img loading=\"lazy\" decoding=\"async\" width=\"591\" height=\"490\" src=\"https:\/\/cgh-group.com\/wp-content\/uploads\/2025\/11\/Studnia-TA1.jpg\" class=\"w-full h-full object-contain\" alt=\"\" srcset=\"https:\/\/cgh-group.com\/wp-content\/uploads\/2025\/11\/Studnia-TA1.jpg 591w, https:\/\/cgh-group.com\/wp-content\/uploads\/2025\/11\/Studnia-TA1-300x249.jpg 300w\" sizes=\"auto, (max-width: 591px) 100vw, 591px\" \/>\n                  <\/div>\n                  <div class=\"container mx-auto px-4 flex w-full h-full items-end justify-center pb-6 md:pb-10\">\n                    \n                  <\/div>\n                <\/div>\n                              <div class=\"swiper-slide\">\n                  <div class=\"absolute inset-0 z-0\">\n                    <img loading=\"lazy\" decoding=\"async\" width=\"360\" height=\"240\" src=\"https:\/\/cgh-group.com\/wp-content\/uploads\/2025\/11\/Studzienki-natrawnikowe-QTA1_TA1.jpg\" class=\"w-full h-full object-contain\" alt=\"\" srcset=\"https:\/\/cgh-group.com\/wp-content\/uploads\/2025\/11\/Studzienki-natrawnikowe-QTA1_TA1.jpg 360w, https:\/\/cgh-group.com\/wp-content\/uploads\/2025\/11\/Studzienki-natrawnikowe-QTA1_TA1-300x200.jpg 300w\" sizes=\"auto, (max-width: 360px) 100vw, 360px\" \/>\n                  <\/div>\n                  <div class=\"container mx-auto px-4 flex w-full h-full items-end justify-center pb-6 md:pb-10\">\n                    \n                  <\/div>\n                <\/div>\n                              <div class=\"swiper-slide\">\n                  <div class=\"absolute inset-0 z-0\">\n                    <img loading=\"lazy\" decoding=\"async\" width=\"886\" height=\"832\" src=\"https:\/\/cgh-group.com\/wp-content\/uploads\/2025\/11\/Studzienka-natrawnikowa-TA1-1.jpg\" class=\"w-full h-full object-contain\" alt=\"\" srcset=\"https:\/\/cgh-group.com\/wp-content\/uploads\/2025\/11\/Studzienka-natrawnikowa-TA1-1.jpg 886w, https:\/\/cgh-group.com\/wp-content\/uploads\/2025\/11\/Studzienka-natrawnikowa-TA1-1-300x282.jpg 300w, https:\/\/cgh-group.com\/wp-content\/uploads\/2025\/11\/Studzienka-natrawnikowa-TA1-1-768x721.jpg 768w\" sizes=\"auto, (max-width: 886px) 100vw, 886px\" \/>\n                  <\/div>\n                  <div class=\"container mx-auto px-4 flex w-full h-full items-end justify-center pb-6 md:pb-10\">\n                    \n                  <\/div>\n                <\/div>\n                          <\/div>\n\n                          <div class=\"swiper-pagination absolute bottom-8 flex justify-center space-x-2 z-10 left-0 right-0\"><\/div>\n                      <\/div>\n        <\/section>\n\n              <\/div>\n\n      <div class=\"font-space-grotesk\">\n        <div class=\"acf-innerblocks-container\">\n\n<p><strong>Types and dimensions:<\/strong><\/p>\n\n\n\n<ul class=\"wp-block-list\">\n<li>QTA1: 1200\u00d71200 mm, height 1100 mm, equipped with a double cover<\/li>\n\n\n\n<li>TA1: 1400\u00d71200 mm, height 1100 mm, also with a double cover<\/li>\n<\/ul>\n\n\n\n<p><strong>Anticorrosion protection options:<\/strong><\/p>\n\n\n\n<ul class=\"wp-block-list\">\n<li>Both QTA1 and TA1 models are available in:<\/li>\n\n\n\n<li>Primer-coated<\/li>\n\n\n\n<li>Hot\u2011dip galvanized<\/li>\n\n\n\n<li>Primer-coated with internal AdBlue\u2011resistant protection<\/li>\n<\/ul>\n\n\n\n<p><strong>Application:<\/strong> Compatible with tanks equipped with 1200\u00d71200 mm or 1400\u00d71200 mm neck frames<\/p>\n\n<\/div>\n      <\/div>\n    <\/div>\n  <\/section>\n<\/div>\n\n","protected":false},"featured_media":8118,"parent":6514,"menu_order":0,"template":"","class_list":["post-7108","product","type-product","status-publish","has-post-thumbnail","hentry"],"acf":[],"yoast_head":"<!-- This site is optimized with the Yoast SEO plugin v27.4 - https:\/\/yoast.com\/product\/yoast-seo-wordpress\/ -->\n<title>Grass-Cover Chambers QTA1, TA1 - CGH Group<\/title>\n<meta name=\"robots\" content=\"index, follow, max-snippet:-1, max-image-preview:large, max-video-preview:-1\" \/>\n<link rel=\"canonical\" href=\"https:\/\/cgh-group.com\/en\/products\/fuel\/fuel-bases\/accessories-and-tank-equipment\/grass-cover-chambers-qta1-ta1-2\/\" \/>\n<meta property=\"og:locale\" content=\"en_US\" \/>\n<meta property=\"og:type\" content=\"article\" \/>\n<meta property=\"og:title\" content=\"Grass-Cover Chambers QTA1, TA1 - CGH Group\" \/>\n<meta property=\"og:url\" content=\"https:\/\/cgh-group.com\/en\/products\/fuel\/fuel-bases\/accessories-and-tank-equipment\/grass-cover-chambers-qta1-ta1-2\/\" \/>\n<meta property=\"og:site_name\" content=\"CGH Group\" \/>\n<meta property=\"article:modified_time\" content=\"2026-04-19T23:57:16+00:00\" \/>\n<meta property=\"og:image\" content=\"https:\/\/cgh-group.com\/wp-content\/uploads\/2025\/11\/Studzienki-natrawnikowe-QTA1-TA1-scaled.webp\" \/>\n\t<meta property=\"og:image:width\" content=\"2560\" \/>\n\t<meta property=\"og:image:height\" content=\"1429\" \/>\n\t<meta property=\"og:image:type\" content=\"image\/webp\" \/>\n<meta name=\"twitter:card\" content=\"summary_large_image\" \/>\n<script type=\"application\/ld+json\" class=\"yoast-schema-graph\">{\"@context\":\"https:\\\/\\\/schema.org\",\"@graph\":[{\"@type\":\"WebPage\",\"@id\":\"https:\\\/\\\/cgh-group.com\\\/en\\\/products\\\/fuel\\\/fuel-bases\\\/accessories-and-tank-equipment\\\/grass-cover-chambers-qta1-ta1-2\\\/\",\"url\":\"https:\\\/\\\/cgh-group.com\\\/en\\\/products\\\/fuel\\\/fuel-bases\\\/accessories-and-tank-equipment\\\/grass-cover-chambers-qta1-ta1-2\\\/\",\"name\":\"Grass-Cover Chambers QTA1, TA1 - CGH Group\",\"isPartOf\":{\"@id\":\"https:\\\/\\\/cgh-group.com\\\/#website\"},\"primaryImageOfPage\":{\"@id\":\"https:\\\/\\\/cgh-group.com\\\/en\\\/products\\\/fuel\\\/fuel-bases\\\/accessories-and-tank-equipment\\\/grass-cover-chambers-qta1-ta1-2\\\/#primaryimage\"},\"image\":{\"@id\":\"https:\\\/\\\/cgh-group.com\\\/en\\\/products\\\/fuel\\\/fuel-bases\\\/accessories-and-tank-equipment\\\/grass-cover-chambers-qta1-ta1-2\\\/#primaryimage\"},\"thumbnailUrl\":\"https:\\\/\\\/cgh-group.com\\\/wp-content\\\/uploads\\\/2025\\\/11\\\/Studzienki-natrawnikowe-QTA1-TA1-scaled.webp\",\"datePublished\":\"2026-01-09T10:52:27+00:00\",\"dateModified\":\"2026-04-19T23:57:16+00:00\",\"breadcrumb\":{\"@id\":\"https:\\\/\\\/cgh-group.com\\\/en\\\/products\\\/fuel\\\/fuel-bases\\\/accessories-and-tank-equipment\\\/grass-cover-chambers-qta1-ta1-2\\\/#breadcrumb\"},\"inLanguage\":\"en-US\",\"potentialAction\":[{\"@type\":\"ReadAction\",\"target\":[\"https:\\\/\\\/cgh-group.com\\\/en\\\/products\\\/fuel\\\/fuel-bases\\\/accessories-and-tank-equipment\\\/grass-cover-chambers-qta1-ta1-2\\\/\"]}]},{\"@type\":\"ImageObject\",\"inLanguage\":\"en-US\",\"@id\":\"https:\\\/\\\/cgh-group.com\\\/en\\\/products\\\/fuel\\\/fuel-bases\\\/accessories-and-tank-equipment\\\/grass-cover-chambers-qta1-ta1-2\\\/#primaryimage\",\"url\":\"https:\\\/\\\/cgh-group.com\\\/wp-content\\\/uploads\\\/2025\\\/11\\\/Studzienki-natrawnikowe-QTA1-TA1-scaled.webp\",\"contentUrl\":\"https:\\\/\\\/cgh-group.com\\\/wp-content\\\/uploads\\\/2025\\\/11\\\/Studzienki-natrawnikowe-QTA1-TA1-scaled.webp\",\"width\":2560,\"height\":1429},{\"@type\":\"BreadcrumbList\",\"@id\":\"https:\\\/\\\/cgh-group.com\\\/en\\\/products\\\/fuel\\\/fuel-bases\\\/accessories-and-tank-equipment\\\/grass-cover-chambers-qta1-ta1-2\\\/#breadcrumb\",\"itemListElement\":[{\"@type\":\"ListItem\",\"position\":1,\"name\":\"Home\",\"item\":\"https:\\\/\\\/cgh-group.com\\\/en\\\/\"},{\"@type\":\"ListItem\",\"position\":2,\"name\":\"Fuel\",\"item\":\"https:\\\/\\\/cgh-group.com\\\/en\\\/products\\\/fuel\\\/\"},{\"@type\":\"ListItem\",\"position\":3,\"name\":\"Fuel bases\",\"item\":\"https:\\\/\\\/cgh-group.com\\\/en\\\/products\\\/fuel\\\/fuel-bases\\\/\"},{\"@type\":\"ListItem\",\"position\":4,\"name\":\"Accessories and tank equipment\",\"item\":\"https:\\\/\\\/cgh-group.com\\\/en\\\/products\\\/fuel\\\/fuel-bases\\\/accessories-and-tank-equipment\\\/\"},{\"@type\":\"ListItem\",\"position\":5,\"name\":\"Grass-Cover Chambers QTA1, TA1\"}]},{\"@type\":\"WebSite\",\"@id\":\"https:\\\/\\\/cgh-group.com\\\/#website\",\"url\":\"https:\\\/\\\/cgh-group.com\\\/\",\"name\":\"CGH Group\",\"description\":\"\",\"potentialAction\":[{\"@type\":\"SearchAction\",\"target\":{\"@type\":\"EntryPoint\",\"urlTemplate\":\"https:\\\/\\\/cgh-group.com\\\/?s={search_term_string}\"},\"query-input\":{\"@type\":\"PropertyValueSpecification\",\"valueRequired\":true,\"valueName\":\"search_term_string\"}}],\"inLanguage\":\"en-US\"}]}<\/script>\n<!-- \/ Yoast SEO plugin. -->","yoast_head_json":{"title":"Grass-Cover Chambers QTA1, TA1 - CGH Group","robots":{"index":"index","follow":"follow","max-snippet":"max-snippet:-1","max-image-preview":"max-image-preview:large","max-video-preview":"max-video-preview:-1"},"canonical":"https:\/\/cgh-group.com\/en\/products\/fuel\/fuel-bases\/accessories-and-tank-equipment\/grass-cover-chambers-qta1-ta1-2\/","og_locale":"en_US","og_type":"article","og_title":"Grass-Cover Chambers QTA1, TA1 - CGH Group","og_url":"https:\/\/cgh-group.com\/en\/products\/fuel\/fuel-bases\/accessories-and-tank-equipment\/grass-cover-chambers-qta1-ta1-2\/","og_site_name":"CGH Group","article_modified_time":"2026-04-19T23:57:16+00:00","og_image":[{"width":2560,"height":1429,"url":"https:\/\/cgh-group.com\/wp-content\/uploads\/2025\/11\/Studzienki-natrawnikowe-QTA1-TA1-scaled.webp","type":"image\/webp"}],"twitter_card":"summary_large_image","schema":{"@context":"https:\/\/schema.org","@graph":[{"@type":"WebPage","@id":"https:\/\/cgh-group.com\/en\/products\/fuel\/fuel-bases\/accessories-and-tank-equipment\/grass-cover-chambers-qta1-ta1-2\/","url":"https:\/\/cgh-group.com\/en\/products\/fuel\/fuel-bases\/accessories-and-tank-equipment\/grass-cover-chambers-qta1-ta1-2\/","name":"Grass-Cover Chambers QTA1, TA1 - CGH Group","isPartOf":{"@id":"https:\/\/cgh-group.com\/#website"},"primaryImageOfPage":{"@id":"https:\/\/cgh-group.com\/en\/products\/fuel\/fuel-bases\/accessories-and-tank-equipment\/grass-cover-chambers-qta1-ta1-2\/#primaryimage"},"image":{"@id":"https:\/\/cgh-group.com\/en\/products\/fuel\/fuel-bases\/accessories-and-tank-equipment\/grass-cover-chambers-qta1-ta1-2\/#primaryimage"},"thumbnailUrl":"https:\/\/cgh-group.com\/wp-content\/uploads\/2025\/11\/Studzienki-natrawnikowe-QTA1-TA1-scaled.webp","datePublished":"2026-01-09T10:52:27+00:00","dateModified":"2026-04-19T23:57:16+00:00","breadcrumb":{"@id":"https:\/\/cgh-group.com\/en\/products\/fuel\/fuel-bases\/accessories-and-tank-equipment\/grass-cover-chambers-qta1-ta1-2\/#breadcrumb"},"inLanguage":"en-US","potentialAction":[{"@type":"ReadAction","target":["https:\/\/cgh-group.com\/en\/products\/fuel\/fuel-bases\/accessories-and-tank-equipment\/grass-cover-chambers-qta1-ta1-2\/"]}]},{"@type":"ImageObject","inLanguage":"en-US","@id":"https:\/\/cgh-group.com\/en\/products\/fuel\/fuel-bases\/accessories-and-tank-equipment\/grass-cover-chambers-qta1-ta1-2\/#primaryimage","url":"https:\/\/cgh-group.com\/wp-content\/uploads\/2025\/11\/Studzienki-natrawnikowe-QTA1-TA1-scaled.webp","contentUrl":"https:\/\/cgh-group.com\/wp-content\/uploads\/2025\/11\/Studzienki-natrawnikowe-QTA1-TA1-scaled.webp","width":2560,"height":1429},{"@type":"BreadcrumbList","@id":"https:\/\/cgh-group.com\/en\/products\/fuel\/fuel-bases\/accessories-and-tank-equipment\/grass-cover-chambers-qta1-ta1-2\/#breadcrumb","itemListElement":[{"@type":"ListItem","position":1,"name":"Home","item":"https:\/\/cgh-group.com\/en\/"},{"@type":"ListItem","position":2,"name":"Fuel","item":"https:\/\/cgh-group.com\/en\/products\/fuel\/"},{"@type":"ListItem","position":3,"name":"Fuel bases","item":"https:\/\/cgh-group.com\/en\/products\/fuel\/fuel-bases\/"},{"@type":"ListItem","position":4,"name":"Accessories and tank equipment","item":"https:\/\/cgh-group.com\/en\/products\/fuel\/fuel-bases\/accessories-and-tank-equipment\/"},{"@type":"ListItem","position":5,"name":"Grass-Cover Chambers QTA1, TA1"}]},{"@type":"WebSite","@id":"https:\/\/cgh-group.com\/#website","url":"https:\/\/cgh-group.com\/","name":"CGH Group","description":"","potentialAction":[{"@type":"SearchAction","target":{"@type":"EntryPoint","urlTemplate":"https:\/\/cgh-group.com\/?s={search_term_string}"},"query-input":{"@type":"PropertyValueSpecification","valueRequired":true,"valueName":"search_term_string"}}],"inLanguage":"en-US"}]}},"uagb_featured_image_src":{"full":["https:\/\/cgh-group.com\/wp-content\/uploads\/2025\/11\/Studzienki-natrawnikowe-QTA1-TA1-scaled.webp",2560,1429,false],"thumbnail":["https:\/\/cgh-group.com\/wp-content\/uploads\/2025\/11\/Studzienki-natrawnikowe-QTA1-TA1-150x150.webp",150,150,true],"medium":["https:\/\/cgh-group.com\/wp-content\/uploads\/2025\/11\/Studzienki-natrawnikowe-QTA1-TA1-300x167.webp",300,167,true],"medium_large":["https:\/\/cgh-group.com\/wp-content\/uploads\/2025\/11\/Studzienki-natrawnikowe-QTA1-TA1-768x429.webp",768,429,true],"large":["https:\/\/cgh-group.com\/wp-content\/uploads\/2025\/11\/Studzienki-natrawnikowe-QTA1-TA1-1024x572.webp",1024,572,true],"1536x1536":["https:\/\/cgh-group.com\/wp-content\/uploads\/2025\/11\/Studzienki-natrawnikowe-QTA1-TA1-1536x857.webp",1536,857,true],"2048x2048":["https:\/\/cgh-group.com\/wp-content\/uploads\/2025\/11\/Studzienki-natrawnikowe-QTA1-TA1-2048x1143.webp",2048,1143,true]},"uagb_author_info":{"display_name":"Maciej Brzana","author_link":"https:\/\/cgh-group.com\/en\/author\/"},"uagb_comment_info":0,"uagb_excerpt":null,"_links":{"self":[{"href":"https:\/\/cgh-group.com\/en\/wp-json\/wp\/v2\/product\/7108","targetHints":{"allow":["GET"]}}],"collection":[{"href":"https:\/\/cgh-group.com\/en\/wp-json\/wp\/v2\/product"}],"about":[{"href":"https:\/\/cgh-group.com\/en\/wp-json\/wp\/v2\/types\/product"}],"up":[{"embeddable":true,"href":"https:\/\/cgh-group.com\/en\/wp-json\/wp\/v2\/product\/6514"}],"wp:featuredmedia":[{"embeddable":true,"href":"https:\/\/cgh-group.com\/en\/wp-json\/wp\/v2\/media\/8118"}],"wp:attachment":[{"href":"https:\/\/cgh-group.com\/en\/wp-json\/wp\/v2\/media?parent=7108"}],"curies":[{"name":"wp","href":"https:\/\/api.w.org\/{rel}","templated":true}]}}