{"id":7076,"date":"2026-01-09T10:25:27","date_gmt":"2026-01-09T09:25:27","guid":{"rendered":"https:\/\/cgh.q.test.ideo.pl\/?post_type=product&#038;p=7076"},"modified":"2026-04-20T01:48:19","modified_gmt":"2026-04-19T23:48:19","slug":"composite-tank-sumps-2","status":"publish","type":"product","link":"https:\/\/cgh-group.com\/en\/products\/foams\/accessories\/composite-tank-sumps-2\/","title":{"rendered":"Composite tank sumps"},"content":{"rendered":"<div class=\"align wp-block-sage-columns-section-with-icon-features\">\n  <section class=\"bg-primary text-neutral-900\">\n    <div class=\"container mx-auto\">\n              <header class=\"p-4 md:p-8\">\n          <h2 class=\"text-3xl md:text-4xl font-bold mb-4\">\n            Why choose CGH composite tank sumps?\n          <\/h2>\n        <\/header>\n      \n              <div class=\"p-4 pt-0 md:p-8 md:pt-0 text-base text-neutral-900\/80\">\n          <p>Easy installation, long-term protection.<\/p>\n\n        <\/div>\n      \n              <div class=\"p-4 pb-10 md:pb-16 md:p-8 grid grid-cols-1 md:grid-cols-3 gap-10 md:gap-12\">\n                      <article class=\"flex flex-col h-full border-t border-neutral-900\/20 pt-10 md:pt-0 md:border-t-0 md:border-l md:border-neutral-900\/20 md:pl-10 first:border-t-0 first:pt-0 md:[&#038;:nth-child(3n+1)]:border-l-0 md:[&#038;:nth-child(3n+1)]:pl-0\">\n                              <div class=\"mb-4\">\n                  <img decoding=\"async\" src=\"https:\/\/cgh-group.com\/wp-content\/uploads\/2025\/11\/shield-check.svg\" class=\"w-10 h-10 mb-4 text-yellow-400\" alt=\"\" \/>\n                <\/div>\n              \n                              <div class=\"text-sm md:text-base text-neutral-900\/80\">\n                  <p><strong>Durability and reliability<\/strong><\/p>\n<ul>\n<li>Thick-wall HDPE construction resists mechanical damage and external factors.<\/li>\n<li>Full corrosion resistance \u2013 no need for anti-corrosion protection after installation.<\/li>\n<\/ul>\n\n                <\/div>\n                          <\/article>\n                      <article class=\"flex flex-col h-full border-t border-neutral-900\/20 pt-10 md:pt-0 md:border-t-0 md:border-l md:border-neutral-900\/20 md:pl-10 first:border-t-0 first:pt-0 md:[&#038;:nth-child(3n+1)]:border-l-0 md:[&#038;:nth-child(3n+1)]:pl-0\">\n                              <div class=\"mb-4\">\n                  <img decoding=\"async\" src=\"https:\/\/cgh-group.com\/wp-content\/uploads\/2025\/11\/paint-bucket.svg\" class=\"w-10 h-10 mb-4 text-yellow-400\" alt=\"\" \/>\n                <\/div>\n              \n                              <div class=\"text-sm md:text-base text-neutral-900\/80\">\n                  <p><strong>Flexible installation<\/strong><\/p>\n<ul>\n<li>Adjustable neck height fits different tank depths.<\/li>\n<li>Octagonal shape with flat sides allows pipe connections from eight directions.<\/li>\n<li>Simple installation without special tools or equipment.<\/li>\n<\/ul>\n\n                <\/div>\n                          <\/article>\n                      <article class=\"flex flex-col h-full border-t border-neutral-900\/20 pt-10 md:pt-0 md:border-t-0 md:border-l md:border-neutral-900\/20 md:pl-10 first:border-t-0 first:pt-0 md:[&#038;:nth-child(3n+1)]:border-l-0 md:[&#038;:nth-child(3n+1)]:pl-0\">\n                              <div class=\"mb-4\">\n                  <img decoding=\"async\" src=\"https:\/\/cgh-group.com\/wp-content\/uploads\/2025\/11\/folder-git-2.svg\" class=\"w-10 h-10 mb-4 text-yellow-400\" alt=\"\" \/>\n                <\/div>\n              \n                              <div class=\"text-sm md:text-base text-neutral-900\/80\">\n                  <p><strong>Versatility<\/strong><\/p>\n<ul>\n<li>Square or round cut-outs for manway frames, with bolt options or a closed bottom.<\/li>\n<li>Large internal space for all required pipe connections.<\/li>\n<\/ul>\n\n                <\/div>\n                          <\/article>\n                  <\/div>\n          <\/div>\n  <\/section>\n<\/div>\n\n<div class=\"align wp-block-sage-columns-section-with-icon-features-overlay\">\n  <section class=\"relative bg-neutral-700 text-white\">\n    \n    <div class=\"relative container mx-auto\">\n              <header class=\"p-8\">\n          <h2 class=\"text-2xl md:text-3xl lg:text-4xl font-bold text-white\">\n            Where SM-series composite tank sumps are used\n          <\/h2>\n        <\/header>\n      \n      \n              <div class=\"grid grid-cols-1 md:grid-cols-2 pb-8\">\n                      <article class=\"flex flex-col mb-8 pb-0 p-8 md:flex-row lg:flex-col md:items-start gap-4 border-t border-white\/20 md:border-t-0 md:border-l md:[&#038;:nth-child(2n+1)]:border-l-0\">\n                              <div class=\"shrink-0\" style=\"filter: brightness(0) invert(1);\">\n                  <img decoding=\"async\" src=\"https:\/\/cgh-group.com\/wp-content\/uploads\/2025\/11\/droplet-off.svg\" class=\"w-10 h-10 mb-4 text-yellow-400\" alt=\"\" \/>\n                <\/div>\n              \n                              <div class=\"text-sm md:text-base text-neutral-100\/90\">\n                  <p>Fuel stations \u2013 reliable protection for underground tanks<\/p>\n\n                <\/div>\n                          <\/article>\n                      <article class=\"flex flex-col mb-8 pb-0 p-8 md:flex-row lg:flex-col md:items-start gap-4 border-t border-white\/20 md:border-t-0 md:border-l md:[&#038;:nth-child(2n+1)]:border-l-0\">\n                              <div class=\"shrink-0\" style=\"filter: brightness(0) invert(1);\">\n                  <img decoding=\"async\" src=\"https:\/\/cgh-group.com\/wp-content\/uploads\/2025\/11\/thermometer-sun.svg\" class=\"w-10 h-10 mb-4 text-yellow-400\" alt=\"\" \/>\n                <\/div>\n              \n                              <div class=\"text-sm md:text-base text-neutral-100\/90\">\n                  <p>Industrial sites \u2013 suited for complex piping systems<\/p>\n\n                <\/div>\n                          <\/article>\n                      <article class=\"flex flex-col mb-8 pb-0 p-8 md:flex-row lg:flex-col md:items-start gap-4 border-t border-white\/20 md:border-t-0 md:border-l md:[&#038;:nth-child(2n+1)]:border-l-0\">\n              \n                              <div class=\"text-sm md:text-base text-neutral-100\/90\">\n                  <p>Fuel logistics \u2013 durable and flexible solution for tank farms<\/p>\n\n                <\/div>\n                          <\/article>\n                  <\/div>\n          <\/div>\n  <\/section>\n<\/div>\n\n<div class=\"align wp-block-sage-product-showcase\">\n  <section class=\"product-showcase container mx-auto mt-8 mb-10 md:mt-14 md:mb-19\">\n    <h2 class=\"text-2xl md:text-3xl font-bold p-8 font-space-grotesk\">Specyfikacja techniczna, czyli najwa\u017cniejsze parametry, kt\u00f3re musisz zna\u0107<\/h2>\n    <div class=\"grid grid-cols-1 gap-8 lg:grid-cols-2 lg:gap-10\">\n      <div>\n        <section\n          class=\"relative w-full flex overflow-hidden aspect-[4\/3]\"\n        >\n          <div class=\"slider flex w-full h-full\">\n            <div class=\"swiper-wrapper\">\n                              <div class=\"swiper-slide\">\n                  <div class=\"absolute inset-0 z-0\">\n                    <img loading=\"lazy\" decoding=\"async\" width=\"360\" height=\"240\" src=\"https:\/\/cgh-group.com\/wp-content\/uploads\/2025\/11\/studzienki-kompozytowe-sm5533-sm5542-2.wevp_.jpg\" class=\"w-full h-full object-contain\" alt=\"\" srcset=\"https:\/\/cgh-group.com\/wp-content\/uploads\/2025\/11\/studzienki-kompozytowe-sm5533-sm5542-2.wevp_.jpg 360w, https:\/\/cgh-group.com\/wp-content\/uploads\/2025\/11\/studzienki-kompozytowe-sm5533-sm5542-2.wevp_-300x200.jpg 300w\" sizes=\"auto, (max-width: 360px) 100vw, 360px\" \/>\n                  <\/div>\n                  <div class=\"container mx-auto px-4 flex w-full h-full items-end justify-center pb-6 md:pb-10\">\n                    \n                  <\/div>\n                <\/div>\n                              <div class=\"swiper-slide\">\n                  <div class=\"absolute inset-0 z-0\">\n                    <img loading=\"lazy\" decoding=\"async\" width=\"1024\" height=\"666\" src=\"https:\/\/cgh-group.com\/wp-content\/uploads\/2025\/11\/studzienki-kompozytowe-SM5533-SM5542.png\" class=\"w-full h-full object-contain\" alt=\"\" srcset=\"https:\/\/cgh-group.com\/wp-content\/uploads\/2025\/11\/studzienki-kompozytowe-SM5533-SM5542.png 1024w, https:\/\/cgh-group.com\/wp-content\/uploads\/2025\/11\/studzienki-kompozytowe-SM5533-SM5542-300x195.png 300w, https:\/\/cgh-group.com\/wp-content\/uploads\/2025\/11\/studzienki-kompozytowe-SM5533-SM5542-768x500.png 768w\" sizes=\"auto, (max-width: 1024px) 100vw, 1024px\" \/>\n                  <\/div>\n                  <div class=\"container mx-auto px-4 flex w-full h-full items-end justify-center pb-6 md:pb-10\">\n                    \n                  <\/div>\n                <\/div>\n                          <\/div>\n\n                          <div class=\"swiper-pagination absolute bottom-8 flex justify-center space-x-2 z-10 left-0 right-0\"><\/div>\n                      <\/div>\n        <\/section>\n\n                  <div class=\"mt-6 md:mt-8 text-center\">\n            <a href=\"\/products\/rozwiazania\/zbiorniki-naziemne-pionowe\/\"\n               class=\"font-space-grotesk block w-full text-center bg-primary text-black items-center font-semibold px-10 py-4 transition text-base\">\n              Detailed technical specification\n            <\/a>\n          <\/div>\n              <\/div>\n\n      <div class=\"font-space-grotesk\">\n        <div class=\"acf-innerblocks-container\">\n\n<p><strong>Material:<\/strong> HDPE (high-density polyethylene)<\/p>\n\n\n\n<p><strong>Dimensions:<\/strong><\/p>\n\n\n\n<ul class=\"wp-block-list\">\n<li>SM5533: Outer neck diameter 820 mm, height 1295 mm<\/li>\n\n\n\n<li>SM5542: Outer neck diameter 1005 mm, height 1272 mm<\/li>\n<\/ul>\n\n\n\n<p><strong>Shape:<\/strong> Octagonal, designed for easy access and installation<\/p>\n\n\n\n<p><strong>Bottom options:<\/strong> Cut-outs for various manway-frame shapes or solid bottom<\/p>\n\n\n\n<p><strong>Application:<\/strong> Compatible with multiple tank types and piping layouts<\/p>\n\n<\/div>\n      <\/div>\n    <\/div>\n  <\/section>\n<\/div>\n\n<div class=\"align wp-block-sage-columns-section-with-icon-features-overlay\">\n  <section class=\"relative bg-neutral-700 text-white\">\n    \n    <div class=\"relative container mx-auto\">\n              <header class=\"p-8\">\n          <h2 class=\"text-2xl md:text-3xl lg:text-4xl font-bold text-white\">\n            Why the SM series from CGH?\n          <\/h2>\n        <\/header>\n      \n              <div class=\"p-8 pt-0 pb-8 text-base text-neutral-100\/90\">\n          <p>The SM-series composite sumps combine modern materials with practical engineering. They deliver long-lasting protection, installation flexibility and efficient service access for every tank system. <\/p>\n<p><strong>Looking for the right sump for your installation? Contact us.  <\/strong><\/p>\n\n        <\/div>\n      \n              <div class=\"grid grid-cols-1 md:grid-cols-2 pb-8\">\n                      <article class=\"flex flex-col mb-8 pb-0 p-8 md:flex-row lg:flex-col md:items-start gap-4 border-t border-white\/20 md:border-t-0 md:border-l md:[&#038;:nth-child(2n+1)]:border-l-0\">\n                              <div class=\"shrink-0\" style=\"filter: brightness(0) invert(1);\">\n                  <img decoding=\"async\" src=\"https:\/\/cgh-group.com\/wp-content\/uploads\/2025\/11\/droplet-off.svg\" class=\"w-10 h-10 mb-4 text-yellow-400\" alt=\"\" \/>\n                <\/div>\n              \n                              <div class=\"text-sm md:text-base text-neutral-100\/90\">\n                  <p>High durability and corrosion resistance<\/p>\n\n                <\/div>\n                          <\/article>\n                      <article class=\"flex flex-col mb-8 pb-0 p-8 md:flex-row lg:flex-col md:items-start gap-4 border-t border-white\/20 md:border-t-0 md:border-l md:[&#038;:nth-child(2n+1)]:border-l-0\">\n                              <div class=\"shrink-0\" style=\"filter: brightness(0) invert(1);\">\n                  <img decoding=\"async\" src=\"https:\/\/cgh-group.com\/wp-content\/uploads\/2025\/11\/thermometer-sun.svg\" class=\"w-10 h-10 mb-4 text-yellow-400\" alt=\"\" \/>\n                <\/div>\n              \n                              <div class=\"text-sm md:text-base text-neutral-100\/90\">\n                  <p>Flexible configuration for many installation types<\/p>\n\n                <\/div>\n                          <\/article>\n                      <article class=\"flex flex-col mb-8 pb-0 p-8 md:flex-row lg:flex-col md:items-start gap-4 border-t border-white\/20 md:border-t-0 md:border-l md:[&#038;:nth-child(2n+1)]:border-l-0\">\n              \n                              <div class=\"text-sm md:text-base text-neutral-100\/90\">\n                  <p>Easy installation<\/p>\n\n                <\/div>\n                          <\/article>\n                      <article class=\"flex flex-col mb-8 pb-0 p-8 md:flex-row lg:flex-col md:items-start gap-4 border-t border-white\/20 md:border-t-0 md:border-l md:[&#038;:nth-child(2n+1)]:border-l-0\">\n              \n                              <div class=\"text-sm md:text-base text-neutral-100\/90\">\n                  <p>Designed for demanding applications<\/p>\n\n                <\/div>\n                          <\/article>\n                  <\/div>\n          <\/div>\n  <\/section>\n<\/div>\n\n\n<div style=\"height:32px\" aria-hidden=\"true\" class=\"wp-block-spacer\"><\/div>\n\n<div class=\"wp-block-columns alignfull has-stone-100-background-color has-background is-layout-flex wp-container-core-columns-is-layout-c05257ab wp-block-columns-is-layout-flex\" style=\"padding-top:var(--wp--preset--spacing--60);padding-bottom:var(--wp--preset--spacing--60)\">\n<div class=\"wp-block-column is-layout-constrained wp-block-column-is-layout-constrained\">\n<figure class=\"wp-block-embed is-type-video is-provider-youtube wp-block-embed-youtube wp-embed-aspect-16-9 wp-has-aspect-ratio\"><div class=\"wp-block-embed__wrapper\">\n<iframe loading=\"lazy\" title=\"02 Installing the watertight tank access chamber\" width=\"500\" height=\"281\" src=\"https:\/\/www.youtube.com\/embed\/NSzCLZq-XAc?feature=oembed\" frameborder=\"0\" allow=\"accelerometer; autoplay; clipboard-write; encrypted-media; gyroscope; picture-in-picture; web-share\" referrerpolicy=\"strict-origin-when-cross-origin\" allowfullscreen><\/iframe>\n<\/div><\/figure>\n<\/div>\n\n\n\n<div class=\"wp-block-column is-layout-constrained wp-block-column-is-layout-constrained\">\n<figure class=\"wp-block-embed is-type-video is-provider-youtube wp-block-embed-youtube wp-embed-aspect-16-9 wp-has-aspect-ratio\"><div class=\"wp-block-embed__wrapper\">\n<iframe loading=\"lazy\" title=\"05 Installing a riser onto the sump base\" width=\"500\" height=\"281\" src=\"https:\/\/www.youtube.com\/embed\/-6Enfumqxcs?feature=oembed\" frameborder=\"0\" allow=\"accelerometer; autoplay; clipboard-write; encrypted-media; gyroscope; picture-in-picture; web-share\" referrerpolicy=\"strict-origin-when-cross-origin\" allowfullscreen><\/iframe>\n<\/div><\/figure>\n<\/div>\n<\/div>\n","protected":false},"featured_media":0,"parent":6468,"menu_order":0,"template":"","class_list":["post-7076","product","type-product","status-publish","hentry"],"acf":[],"yoast_head":"<!-- This site is optimized with the Yoast SEO plugin v27.4 - https:\/\/yoast.com\/product\/yoast-seo-wordpress\/ -->\n<title>Composite tank sumps - CGH Group<\/title>\n<meta name=\"robots\" content=\"index, follow, max-snippet:-1, max-image-preview:large, max-video-preview:-1\" \/>\n<link rel=\"canonical\" href=\"https:\/\/cgh-group.com\/en\/products\/foams\/accessories\/composite-tank-sumps-2\/\" \/>\n<meta property=\"og:locale\" content=\"en_US\" \/>\n<meta property=\"og:type\" content=\"article\" \/>\n<meta property=\"og:title\" content=\"Composite tank sumps - CGH Group\" \/>\n<meta property=\"og:url\" content=\"https:\/\/cgh-group.com\/en\/products\/foams\/accessories\/composite-tank-sumps-2\/\" \/>\n<meta property=\"og:site_name\" content=\"CGH Group\" \/>\n<meta property=\"article:modified_time\" content=\"2026-04-19T23:48:19+00:00\" \/>\n<meta name=\"twitter:card\" content=\"summary_large_image\" \/>\n<script type=\"application\/ld+json\" class=\"yoast-schema-graph\">{\"@context\":\"https:\\\/\\\/schema.org\",\"@graph\":[{\"@type\":\"WebPage\",\"@id\":\"https:\\\/\\\/cgh-group.com\\\/en\\\/products\\\/foams\\\/accessories\\\/composite-tank-sumps-2\\\/\",\"url\":\"https:\\\/\\\/cgh-group.com\\\/en\\\/products\\\/foams\\\/accessories\\\/composite-tank-sumps-2\\\/\",\"name\":\"Composite tank sumps - CGH Group\",\"isPartOf\":{\"@id\":\"https:\\\/\\\/cgh-group.com\\\/#website\"},\"datePublished\":\"2026-01-09T09:25:27+00:00\",\"dateModified\":\"2026-04-19T23:48:19+00:00\",\"breadcrumb\":{\"@id\":\"https:\\\/\\\/cgh-group.com\\\/en\\\/products\\\/foams\\\/accessories\\\/composite-tank-sumps-2\\\/#breadcrumb\"},\"inLanguage\":\"en-US\",\"potentialAction\":[{\"@type\":\"ReadAction\",\"target\":[\"https:\\\/\\\/cgh-group.com\\\/en\\\/products\\\/foams\\\/accessories\\\/composite-tank-sumps-2\\\/\"]}]},{\"@type\":\"BreadcrumbList\",\"@id\":\"https:\\\/\\\/cgh-group.com\\\/en\\\/products\\\/foams\\\/accessories\\\/composite-tank-sumps-2\\\/#breadcrumb\",\"itemListElement\":[{\"@type\":\"ListItem\",\"position\":1,\"name\":\"Home\",\"item\":\"https:\\\/\\\/cgh-group.com\\\/en\\\/\"},{\"@type\":\"ListItem\",\"position\":2,\"name\":\"Foams\",\"item\":\"https:\\\/\\\/cgh-group.com\\\/en\\\/products\\\/foams\\\/\"},{\"@type\":\"ListItem\",\"position\":3,\"name\":\"Accessories\",\"item\":\"https:\\\/\\\/cgh-group.com\\\/en\\\/products\\\/foams\\\/accessories\\\/\"},{\"@type\":\"ListItem\",\"position\":4,\"name\":\"Composite tank sumps\"}]},{\"@type\":\"WebSite\",\"@id\":\"https:\\\/\\\/cgh-group.com\\\/#website\",\"url\":\"https:\\\/\\\/cgh-group.com\\\/\",\"name\":\"CGH Group\",\"description\":\"\",\"potentialAction\":[{\"@type\":\"SearchAction\",\"target\":{\"@type\":\"EntryPoint\",\"urlTemplate\":\"https:\\\/\\\/cgh-group.com\\\/?s={search_term_string}\"},\"query-input\":{\"@type\":\"PropertyValueSpecification\",\"valueRequired\":true,\"valueName\":\"search_term_string\"}}],\"inLanguage\":\"en-US\"}]}<\/script>\n<!-- \/ Yoast SEO plugin. -->","yoast_head_json":{"title":"Composite tank sumps - CGH Group","robots":{"index":"index","follow":"follow","max-snippet":"max-snippet:-1","max-image-preview":"max-image-preview:large","max-video-preview":"max-video-preview:-1"},"canonical":"https:\/\/cgh-group.com\/en\/products\/foams\/accessories\/composite-tank-sumps-2\/","og_locale":"en_US","og_type":"article","og_title":"Composite tank sumps - CGH Group","og_url":"https:\/\/cgh-group.com\/en\/products\/foams\/accessories\/composite-tank-sumps-2\/","og_site_name":"CGH Group","article_modified_time":"2026-04-19T23:48:19+00:00","twitter_card":"summary_large_image","schema":{"@context":"https:\/\/schema.org","@graph":[{"@type":"WebPage","@id":"https:\/\/cgh-group.com\/en\/products\/foams\/accessories\/composite-tank-sumps-2\/","url":"https:\/\/cgh-group.com\/en\/products\/foams\/accessories\/composite-tank-sumps-2\/","name":"Composite tank sumps - CGH Group","isPartOf":{"@id":"https:\/\/cgh-group.com\/#website"},"datePublished":"2026-01-09T09:25:27+00:00","dateModified":"2026-04-19T23:48:19+00:00","breadcrumb":{"@id":"https:\/\/cgh-group.com\/en\/products\/foams\/accessories\/composite-tank-sumps-2\/#breadcrumb"},"inLanguage":"en-US","potentialAction":[{"@type":"ReadAction","target":["https:\/\/cgh-group.com\/en\/products\/foams\/accessories\/composite-tank-sumps-2\/"]}]},{"@type":"BreadcrumbList","@id":"https:\/\/cgh-group.com\/en\/products\/foams\/accessories\/composite-tank-sumps-2\/#breadcrumb","itemListElement":[{"@type":"ListItem","position":1,"name":"Home","item":"https:\/\/cgh-group.com\/en\/"},{"@type":"ListItem","position":2,"name":"Foams","item":"https:\/\/cgh-group.com\/en\/products\/foams\/"},{"@type":"ListItem","position":3,"name":"Accessories","item":"https:\/\/cgh-group.com\/en\/products\/foams\/accessories\/"},{"@type":"ListItem","position":4,"name":"Composite tank sumps"}]},{"@type":"WebSite","@id":"https:\/\/cgh-group.com\/#website","url":"https:\/\/cgh-group.com\/","name":"CGH Group","description":"","potentialAction":[{"@type":"SearchAction","target":{"@type":"EntryPoint","urlTemplate":"https:\/\/cgh-group.com\/?s={search_term_string}"},"query-input":{"@type":"PropertyValueSpecification","valueRequired":true,"valueName":"search_term_string"}}],"inLanguage":"en-US"}]}},"uagb_featured_image_src":{"full":false,"thumbnail":false,"medium":false,"medium_large":false,"large":false,"1536x1536":false,"2048x2048":false},"uagb_author_info":{"display_name":"Maciej Brzana","author_link":"https:\/\/cgh-group.com\/en\/author\/"},"uagb_comment_info":0,"uagb_excerpt":null,"_links":{"self":[{"href":"https:\/\/cgh-group.com\/en\/wp-json\/wp\/v2\/product\/7076","targetHints":{"allow":["GET"]}}],"collection":[{"href":"https:\/\/cgh-group.com\/en\/wp-json\/wp\/v2\/product"}],"about":[{"href":"https:\/\/cgh-group.com\/en\/wp-json\/wp\/v2\/types\/product"}],"up":[{"embeddable":true,"href":"https:\/\/cgh-group.com\/en\/wp-json\/wp\/v2\/product\/6468"}],"wp:attachment":[{"href":"https:\/\/cgh-group.com\/en\/wp-json\/wp\/v2\/media?parent=7076"}],"curies":[{"name":"wp","href":"https:\/\/api.w.org\/{rel}","templated":true}]}}