{"id":6992,"date":"2026-01-08T14:02:15","date_gmt":"2026-01-08T13:02:15","guid":{"rendered":"https:\/\/cgh.q.test.ideo.pl\/?post_type=product&#038;p=6992"},"modified":"2026-01-08T14:02:15","modified_gmt":"2026-01-08T13:02:15","slug":"biofuel-storage-tanks-2","status":"publish","type":"product","link":"https:\/\/cgh-group.com\/en\/products\/industry\/electromobility-battery-and-accumulator-factories\/biofuel-storage-tanks-2\/","title":{"rendered":"Biofuel Storage Tanks"},"content":{"rendered":"<div style=\"padding-top:var(--wp--preset--spacing--60);padding-bottom:var(--wp--preset--spacing--60);\" class=\"align wp-block-sage-side-item\">\n            \n      <section data-layout=\"image_left\">\n        <div class=\"container mx-auto\">\n          <div class=\"flex flex-col md:flex-row md:gap-8\">\n            <div class=\"md:w-1\/2 w-full order-2 mt-3 md:mt-0 side-item-image-classic md:order-1 mb-8 md:mb-0\">\n                              <img loading=\"lazy\" decoding=\"async\" width=\"800\" height=\"533\" src=\"https:\/\/cgh-group.com\/wp-content\/uploads\/2025\/11\/Zbiorniki-na-biopaliwa-1.jpg\" class=\"w-full object-contain\" alt=\"\" srcset=\"https:\/\/cgh-group.com\/wp-content\/uploads\/2025\/11\/Zbiorniki-na-biopaliwa-1.jpg 800w, https:\/\/cgh-group.com\/wp-content\/uploads\/2025\/11\/Zbiorniki-na-biopaliwa-1-300x200.jpg 300w, https:\/\/cgh-group.com\/wp-content\/uploads\/2025\/11\/Zbiorniki-na-biopaliwa-1-768x512.jpg 768w\" sizes=\"auto, (max-width: 800px) 100vw, 800px\" \/>\n                          <\/div>\n            <div class=\"md:w-1\/2 w-full order-1 mt-3 md:mt-0 md:pb-16 side-item-text-classic md:order-2 mb-8 md:mb-0\">\n              <div class=\"px-4 md:px-0 w-full\">\n                                  <h2 class=\"text-4xl font-bold mb-7\">Biofuel Storage Tanks \u2013 modern and environmentally friendly solutions<\/h2>\n                                                  <div class=\"text-base leading-[1.5]\">\n                    <p>CGH biofuel tanks are engineered for safe and efficient storage of various types of biofuels. Manufactured from high-quality carbon or stainless steel, they ensure long-term durability, resistance to corrosion and compliance with international safety standards.  <\/p>\n<p>These tanks are suited for both industrial facilities and fuel distribution centres. <\/p>\n\n                  <\/div>\n                                              <\/div>\n            <\/div>\n          <\/div>\n        <\/div>\n      <\/section>\n      <\/div>\n<div style=\"padding-top:var(--wp--preset--spacing--50);padding-bottom:var(--wp--preset--spacing--50);\" class=\"alignfull wp-block-sage-slider\">\n    <section\n  style=\"--slider-height:50vh;\"\n  class='relative w-full flex overflow-hidden h-[var(--slider-height)] bg-neutral-700'>\n    <div class=\"slider flex w-full h-full\">\n      <div class=\"swiper-wrapper\">\n                  <div class=\"swiper-slide\">\n            <div class=\"absolute inset-0 z-0\">\n              <img loading=\"lazy\" decoding=\"async\" width=\"2560\" height=\"1440\" src=\"https:\/\/cgh-group.com\/wp-content\/uploads\/2025\/10\/11.png\" class=\"w-full h-full object-cover\" alt=\"\" srcset=\"https:\/\/cgh-group.com\/wp-content\/uploads\/2025\/10\/11.png 2560w, https:\/\/cgh-group.com\/wp-content\/uploads\/2025\/10\/11-300x169.png 300w, https:\/\/cgh-group.com\/wp-content\/uploads\/2025\/10\/11-1024x576.png 1024w, https:\/\/cgh-group.com\/wp-content\/uploads\/2025\/10\/11-768x432.png 768w, https:\/\/cgh-group.com\/wp-content\/uploads\/2025\/10\/11-1536x864.png 1536w, https:\/\/cgh-group.com\/wp-content\/uploads\/2025\/10\/11-2048x1152.png 2048w\" sizes=\"auto, (max-width: 2560px) 100vw, 2560px\" \/>\n              <div style=\"--apla-percent: %\"  class=\"absolute inset-0 \"><\/div>\n            <\/div>\n            <div class=\"container mx-auto px-4 flex w-full h-full items-center justify-start\">\n              <div class=\"relative z-10\">\n                                <h2 class=\"text-white text-2xl md:text-5xl lg:text-7xl font-bold mb-7 opacity-0\" data-gsap-delay=\"0\">Innowacyjne zbiorniki CGH,<\/h2>\n                <div class=\"text-white text-3xl mb-7 opacity-0\" data-gsap-delay=\"0.2\"><p><strong>zaprojektowane z my\u015bl\u0105 o optymalnej, ekologicznej energii!<\/strong><\/p>\n<\/div>\n                              <\/div>\n            <\/div>\n          <\/div>\n              <\/div>\n          <\/div>\n  <\/section>\n<\/div>\n<div style=\"padding-top:var(--wp--preset--spacing--60);padding-bottom:var(--wp--preset--spacing--60);\" class=\"align wp-block-sage-side-item\">\n            \n      <section data-layout=\"image_right\">\n        <div class=\"container mx-auto\">\n          <div class=\"flex flex-col md:flex-row md:gap-8\">\n            <div class=\"md:w-1\/2 w-full order-2 mt-3 md:mt-0 side-item-image-classic md:order-2 mb-8 md:mb-0\">\n                              <img loading=\"lazy\" decoding=\"async\" width=\"800\" height=\"533\" src=\"https:\/\/cgh-group.com\/wp-content\/uploads\/2025\/11\/Zbiorniki-na-biopaliwa-2.jpg\" class=\"w-full object-contain\" alt=\"\" srcset=\"https:\/\/cgh-group.com\/wp-content\/uploads\/2025\/11\/Zbiorniki-na-biopaliwa-2.jpg 800w, https:\/\/cgh-group.com\/wp-content\/uploads\/2025\/11\/Zbiorniki-na-biopaliwa-2-300x200.jpg 300w, https:\/\/cgh-group.com\/wp-content\/uploads\/2025\/11\/Zbiorniki-na-biopaliwa-2-768x512.jpg 768w\" sizes=\"auto, (max-width: 800px) 100vw, 800px\" \/>\n                          <\/div>\n            <div class=\"md:w-1\/2 w-full order-1 mt-3 md:mt-0 md:pb-16 side-item-text-classic md:order-1 mb-8 md:mb-0\">\n              <div class=\"px-4 md:px-0 w-full\">\n                                  <h2 class=\"text-4xl font-bold mb-7\">Applications: <\/h2>\n                                                  <div class=\"text-base leading-[1.5]\">\n                    <ul>\n<li>Storage of biodiesel and biofuel blends\n<ul>\n<li>Fuel terminals and distribution points<\/li>\n<li>Industrial facilities<\/li>\n<li>Agricultural operations<\/li>\n<li>Oleje ro\u015blinne (np. PPO \u2013 Pure Plant Oil).<\/li>\n<li>Mieszanki paliwowe zawieraj\u0105ce biokomponenty.<\/li>\n<\/ul>\n<\/li>\n<li>Zbiorniki dostosowane do potrzeb przemys\u0142u, logistyki i transportu, spe\u0142niaj\u0105ce normy bezpiecze\u0144stwa i jako\u015bci.<\/li>\n<li>Mo\u017cliwo\u015b\u0107 konfiguracji wielozbiornikowej \u2013 elastyczne rozwi\u0105zania w postaci baterii zbiornik\u00f3w do wi\u0119kszych instalacji.<\/li>\n<li>Dzi\u0119ki technologii CGH biopaliwa s\u0105 przechowywane bezpiecznie, bez ryzyka degradacji i zanieczyszcze\u0144, co pozwala na ich efektywne wykorzystanie w nowoczesnych systemach energetycznych i transportowych.<\/li>\n<\/ul>\n<h4>Purpose<\/h4>\n<p>Biofuel tanks provide stable, protected storage for fuels containing biological components. They help maintain fuel quality and ensure safe handling during filling, storage and dispensing. <\/p>\n<ul>\n<li>Bezpieczne przechowywanie ekologicznych biopaliw z przetworzonej materii organicznej.<\/li>\n<li>Dostosowanie do przechowywania biopaliw w temperaturach od -20\u00b0C do +50\u00b0C.<\/li>\n<li>Zastosowanie w magazynach energii odnawialnej oraz stacjach paliw.<\/li>\n<\/ul>\n\n                  <\/div>\n                                              <\/div>\n            <\/div>\n          <\/div>\n        <\/div>\n      <\/section>\n      <\/div>\n<div style=\"padding-top:var(--wp--preset--spacing--60);padding-bottom:var(--wp--preset--spacing--60);\" class=\"align wp-block-sage-side-item\">\n            \n      <section data-layout=\"image_left\">\n        <div class=\"container mx-auto\">\n          <div class=\"flex flex-col md:flex-row md:gap-8\">\n            <div class=\"md:w-1\/2 w-full order-2 mt-3 md:mt-0 side-item-image-classic md:order-1 mb-8 md:mb-0\">\n                              <img loading=\"lazy\" decoding=\"async\" width=\"800\" height=\"533\" src=\"https:\/\/cgh-group.com\/wp-content\/uploads\/2025\/11\/Zbiorniki-na-biopaliwa.jpg\" class=\"w-full object-contain\" alt=\"\" srcset=\"https:\/\/cgh-group.com\/wp-content\/uploads\/2025\/11\/Zbiorniki-na-biopaliwa.jpg 800w, https:\/\/cgh-group.com\/wp-content\/uploads\/2025\/11\/Zbiorniki-na-biopaliwa-300x200.jpg 300w, https:\/\/cgh-group.com\/wp-content\/uploads\/2025\/11\/Zbiorniki-na-biopaliwa-768x512.jpg 768w\" sizes=\"auto, (max-width: 800px) 100vw, 800px\" \/>\n                          <\/div>\n            <div class=\"md:w-1\/2 w-full order-1 mt-3 md:mt-0 md:pb-16 side-item-text-classic md:order-2 mb-8 md:mb-0\">\n              <div class=\"px-4 md:px-0 w-full\">\n                                  <h2 class=\"text-4xl font-bold mb-7\">Advantages:<\/h2>\n                                                  <div class=\"text-base leading-[1.5]\">\n                    <ul>\n<li>Robust construction using carbon or stainless steel<\/li>\n<li>High corrosion resistance and long service life<\/li>\n<li>Compliance with European and international standards<\/li>\n<li>Flexibility \u2013 custom manufacturing according to client needs<\/li>\n<li>Compatibility with monitoring and heating systems<\/li>\n<\/ul>\n\n                  <\/div>\n                                              <\/div>\n            <\/div>\n          <\/div>\n        <\/div>\n      <\/section>\n      <\/div>\n\n<div class=\"wp-block-group alignfull has-stone-100-background-color has-background is-layout-constrained wp-block-group-is-layout-constrained\"><div style=\"padding-top:var(--wp--preset--spacing--60);padding-bottom:var(--wp--preset--spacing--60);\" class=\"align wp-block-sage-side-item\">\n            \n      <section data-layout=\"image_left\">\n        <div class=\"container mx-auto\">\n          <div class=\"flex flex-col md:flex-row md:gap-8\">\n            <div class=\"md:w-1\/2 w-full order-2 mt-3 md:mt-0 side-item-image-classic md:order-1 mb-8 md:mb-0\">\n                              <img loading=\"lazy\" decoding=\"async\" width=\"1500\" height=\"998\" src=\"https:\/\/cgh-group.com\/wp-content\/uploads\/2025\/11\/naziemny.webp\" class=\"w-full object-contain\" alt=\"\" srcset=\"https:\/\/cgh-group.com\/wp-content\/uploads\/2025\/11\/naziemny.webp 1500w, https:\/\/cgh-group.com\/wp-content\/uploads\/2025\/11\/naziemny-300x200.webp 300w, https:\/\/cgh-group.com\/wp-content\/uploads\/2025\/11\/naziemny-1024x681.webp 1024w, https:\/\/cgh-group.com\/wp-content\/uploads\/2025\/11\/naziemny-768x511.webp 768w\" sizes=\"auto, (max-width: 1500px) 100vw, 1500px\" \/>\n                          <\/div>\n            <div class=\"md:w-1\/2 w-full order-1 mt-3 md:mt-0 md:pb-16 side-item-text-classic md:order-2 mb-8 md:mb-0\">\n              <div class=\"px-4 md:px-0 w-full\">\n                                  <h2 class=\"text-4xl font-bold mb-7\">Technical Data:<\/h2>\n                                                  <div class=\"text-base leading-[1.5]\">\n                    <ul>\n<li>Capacity ranges depending on requirements<\/li>\n<li>Standards: EN 12285, AD 2000 or PED depending on design<\/li>\n<li>Working temperature adapted to the stored biofuel<\/li>\n<li>Optional heating coils or insulation<\/li>\n<li><strong>Ci\u015bnienie pracy:<\/strong><\/li>\n<li><strong>Temperatura pracy:<\/strong> od -20\u00b0C do +50\u00b0C.<\/li>\n<\/ul>\n\n                  <\/div>\n                                                  <div class=\"mt-6\">\n                    <a href=\"&lt;!--[CDATA[\/products\/rozwiazania\/zbiorniki-naziemne-poziome\/]]--&gt;\" class=\"group uppercase cursor-pointer py-4 px-8 font-bold text-lg inline-flex items-center space-x-2 transition-colors duration-500 w-full justify-center md:justify-start md:w-auto bg-primary taxt-sage-default hover:bg-black hover:text-white\" target=\"_blank\">\n                      Detailed technical specification\n                    <\/a>\n                  <\/div>\n                              <\/div>\n            <\/div>\n          <\/div>\n        <\/div>\n      <\/section>\n      <\/div>\n<\/div>\n<div style=\"padding-top:var(--wp--preset--spacing--60);padding-bottom:var(--wp--preset--spacing--60);\" class=\"align wp-block-sage-side-item\">\n            \n      <section data-layout=\"image_right\">\n        <div class=\"container mx-auto\">\n          <div class=\"flex flex-col md:flex-row md:gap-8\">\n            <div class=\"md:w-1\/2 w-full order-2 mt-3 md:mt-0 side-item-image-classic md:order-2 mb-8 md:mb-0\">\n                              <img loading=\"lazy\" decoding=\"async\" width=\"800\" height=\"533\" src=\"https:\/\/cgh-group.com\/wp-content\/uploads\/2025\/11\/Zbiorniki-na-biopaliwa-1.jpg\" class=\"w-full object-contain\" alt=\"\" srcset=\"https:\/\/cgh-group.com\/wp-content\/uploads\/2025\/11\/Zbiorniki-na-biopaliwa-1.jpg 800w, https:\/\/cgh-group.com\/wp-content\/uploads\/2025\/11\/Zbiorniki-na-biopaliwa-1-300x200.jpg 300w, https:\/\/cgh-group.com\/wp-content\/uploads\/2025\/11\/Zbiorniki-na-biopaliwa-1-768x512.jpg 768w\" sizes=\"auto, (max-width: 800px) 100vw, 800px\" \/>\n                          <\/div>\n            <div class=\"md:w-1\/2 w-full order-1 mt-3 md:mt-0 md:pb-16 side-item-text-classic md:order-1 mb-8 md:mb-0\">\n              <div class=\"px-4 md:px-0 w-full\">\n                                  <h2 class=\"text-4xl font-bold mb-7\">Optional Equipment:<\/h2>\n                                                  <div class=\"text-base leading-[1.5]\">\n                    <ul>\n<li>Level monitoring systems<\/li>\n<li>Thermal insulation with aluminium cladding<\/li>\n<li>Heating systems to maintain viscosity<\/li>\n<li>Platforms and service access<\/li>\n<\/ul>\n\n                  <\/div>\n                                              <\/div>\n            <\/div>\n          <\/div>\n        <\/div>\n      <\/section>\n      <\/div>\n<div style=\"padding-top:var(--wp--preset--spacing--60);padding-bottom:var(--wp--preset--spacing--60);\" class=\"alignfull wp-block-sage-bar\">\n  <div class=\"bg-primary group transition-colors duration-300 overflow-hidden flex flex-col w-full relative h-full hover:bg-[#3a3286]\">\n    <!-- Decorative graphic elements -->\n    <div class=\"container mx-auto h-full w-full absolute left-0 right-0\">\n      <div class=\"relative left-8 h-full\">\n        <img decoding=\"async\" src=\"https:\/\/cgh-group.com\/wp-content\/themes\/sage\/public\/build\/assets\/bg-DpdSsH5n.svg\" class=\"h-full\">\n      <\/div>\n    <\/div>\n    \n    <!-- Banner content -->\n    <div class=\"relative z-10 text-center mx-auto\">\n              <div class=\"text-2xl md:text-3xl font-bold text-gray-800 group-hover:text-white leading-tight py-8 px-8\">\n          <h3>Biofuel solutions that support sustainability \u2013 choose CGH quality.<\/h3>\n\n        <\/div>\n          <\/div>\n  <\/div>\n<\/div>\n","protected":false},"featured_media":8713,"parent":6271,"menu_order":0,"template":"","class_list":["post-6992","product","type-product","status-publish","has-post-thumbnail","hentry"],"acf":[],"yoast_head":"<!-- This site is optimized with the Yoast SEO plugin v27.4 - https:\/\/yoast.com\/product\/yoast-seo-wordpress\/ -->\n<title>Biofuel Storage Tanks - CGH Group<\/title>\n<meta name=\"robots\" content=\"index, follow, max-snippet:-1, max-image-preview:large, max-video-preview:-1\" \/>\n<link rel=\"canonical\" href=\"https:\/\/cgh-group.com\/en\/products\/industry\/electromobility-battery-and-accumulator-factories\/biofuel-storage-tanks-2\/\" \/>\n<meta property=\"og:locale\" content=\"en_US\" \/>\n<meta property=\"og:type\" content=\"article\" \/>\n<meta property=\"og:title\" content=\"Biofuel Storage Tanks - CGH Group\" \/>\n<meta property=\"og:url\" content=\"https:\/\/cgh-group.com\/en\/products\/industry\/electromobility-battery-and-accumulator-factories\/biofuel-storage-tanks-2\/\" \/>\n<meta property=\"og:site_name\" content=\"CGH Group\" \/>\n<meta property=\"og:image\" content=\"https:\/\/cgh-group.com\/wp-content\/uploads\/2026\/01\/zbiorniki-do-zrzutu-awaryjnego.webp\" \/>\n\t<meta property=\"og:image:width\" content=\"2560\" \/>\n\t<meta property=\"og:image:height\" content=\"1440\" \/>\n\t<meta property=\"og:image:type\" content=\"image\/webp\" \/>\n<meta name=\"twitter:card\" content=\"summary_large_image\" \/>\n<script type=\"application\/ld+json\" class=\"yoast-schema-graph\">{\"@context\":\"https:\\\/\\\/schema.org\",\"@graph\":[{\"@type\":\"WebPage\",\"@id\":\"https:\\\/\\\/cgh-group.com\\\/en\\\/products\\\/industry\\\/electromobility-battery-and-accumulator-factories\\\/biofuel-storage-tanks-2\\\/\",\"url\":\"https:\\\/\\\/cgh-group.com\\\/en\\\/products\\\/industry\\\/electromobility-battery-and-accumulator-factories\\\/biofuel-storage-tanks-2\\\/\",\"name\":\"Biofuel Storage Tanks - CGH Group\",\"isPartOf\":{\"@id\":\"https:\\\/\\\/cgh-group.com\\\/#website\"},\"primaryImageOfPage\":{\"@id\":\"https:\\\/\\\/cgh-group.com\\\/en\\\/products\\\/industry\\\/electromobility-battery-and-accumulator-factories\\\/biofuel-storage-tanks-2\\\/#primaryimage\"},\"image\":{\"@id\":\"https:\\\/\\\/cgh-group.com\\\/en\\\/products\\\/industry\\\/electromobility-battery-and-accumulator-factories\\\/biofuel-storage-tanks-2\\\/#primaryimage\"},\"thumbnailUrl\":\"https:\\\/\\\/cgh-group.com\\\/wp-content\\\/uploads\\\/2026\\\/01\\\/zbiorniki-do-zrzutu-awaryjnego.webp\",\"datePublished\":\"2026-01-08T13:02:15+00:00\",\"breadcrumb\":{\"@id\":\"https:\\\/\\\/cgh-group.com\\\/en\\\/products\\\/industry\\\/electromobility-battery-and-accumulator-factories\\\/biofuel-storage-tanks-2\\\/#breadcrumb\"},\"inLanguage\":\"en-US\",\"potentialAction\":[{\"@type\":\"ReadAction\",\"target\":[\"https:\\\/\\\/cgh-group.com\\\/en\\\/products\\\/industry\\\/electromobility-battery-and-accumulator-factories\\\/biofuel-storage-tanks-2\\\/\"]}]},{\"@type\":\"ImageObject\",\"inLanguage\":\"en-US\",\"@id\":\"https:\\\/\\\/cgh-group.com\\\/en\\\/products\\\/industry\\\/electromobility-battery-and-accumulator-factories\\\/biofuel-storage-tanks-2\\\/#primaryimage\",\"url\":\"https:\\\/\\\/cgh-group.com\\\/wp-content\\\/uploads\\\/2026\\\/01\\\/zbiorniki-do-zrzutu-awaryjnego.webp\",\"contentUrl\":\"https:\\\/\\\/cgh-group.com\\\/wp-content\\\/uploads\\\/2026\\\/01\\\/zbiorniki-do-zrzutu-awaryjnego.webp\",\"width\":2560,\"height\":1440},{\"@type\":\"BreadcrumbList\",\"@id\":\"https:\\\/\\\/cgh-group.com\\\/en\\\/products\\\/industry\\\/electromobility-battery-and-accumulator-factories\\\/biofuel-storage-tanks-2\\\/#breadcrumb\",\"itemListElement\":[{\"@type\":\"ListItem\",\"position\":1,\"name\":\"Home\",\"item\":\"https:\\\/\\\/cgh-group.com\\\/en\\\/\"},{\"@type\":\"ListItem\",\"position\":2,\"name\":\"Tanks for Industry\",\"item\":\"https:\\\/\\\/cgh-group.com\\\/en\\\/products\\\/industry\\\/\"},{\"@type\":\"ListItem\",\"position\":3,\"name\":\"Electromobility &#8211; battery and accumulator factories\",\"item\":\"https:\\\/\\\/cgh-group.com\\\/en\\\/products\\\/industry\\\/electromobility-battery-and-accumulator-factories\\\/\"},{\"@type\":\"ListItem\",\"position\":4,\"name\":\"Biofuel Storage Tanks\"}]},{\"@type\":\"WebSite\",\"@id\":\"https:\\\/\\\/cgh-group.com\\\/#website\",\"url\":\"https:\\\/\\\/cgh-group.com\\\/\",\"name\":\"CGH Group\",\"description\":\"\",\"potentialAction\":[{\"@type\":\"SearchAction\",\"target\":{\"@type\":\"EntryPoint\",\"urlTemplate\":\"https:\\\/\\\/cgh-group.com\\\/?s={search_term_string}\"},\"query-input\":{\"@type\":\"PropertyValueSpecification\",\"valueRequired\":true,\"valueName\":\"search_term_string\"}}],\"inLanguage\":\"en-US\"}]}<\/script>\n<!-- \/ Yoast SEO plugin. -->","yoast_head_json":{"title":"Biofuel Storage Tanks - CGH Group","robots":{"index":"index","follow":"follow","max-snippet":"max-snippet:-1","max-image-preview":"max-image-preview:large","max-video-preview":"max-video-preview:-1"},"canonical":"https:\/\/cgh-group.com\/en\/products\/industry\/electromobility-battery-and-accumulator-factories\/biofuel-storage-tanks-2\/","og_locale":"en_US","og_type":"article","og_title":"Biofuel Storage Tanks - CGH Group","og_url":"https:\/\/cgh-group.com\/en\/products\/industry\/electromobility-battery-and-accumulator-factories\/biofuel-storage-tanks-2\/","og_site_name":"CGH Group","og_image":[{"width":2560,"height":1440,"url":"https:\/\/cgh-group.com\/wp-content\/uploads\/2026\/01\/zbiorniki-do-zrzutu-awaryjnego.webp","type":"image\/webp"}],"twitter_card":"summary_large_image","schema":{"@context":"https:\/\/schema.org","@graph":[{"@type":"WebPage","@id":"https:\/\/cgh-group.com\/en\/products\/industry\/electromobility-battery-and-accumulator-factories\/biofuel-storage-tanks-2\/","url":"https:\/\/cgh-group.com\/en\/products\/industry\/electromobility-battery-and-accumulator-factories\/biofuel-storage-tanks-2\/","name":"Biofuel Storage Tanks - CGH Group","isPartOf":{"@id":"https:\/\/cgh-group.com\/#website"},"primaryImageOfPage":{"@id":"https:\/\/cgh-group.com\/en\/products\/industry\/electromobility-battery-and-accumulator-factories\/biofuel-storage-tanks-2\/#primaryimage"},"image":{"@id":"https:\/\/cgh-group.com\/en\/products\/industry\/electromobility-battery-and-accumulator-factories\/biofuel-storage-tanks-2\/#primaryimage"},"thumbnailUrl":"https:\/\/cgh-group.com\/wp-content\/uploads\/2026\/01\/zbiorniki-do-zrzutu-awaryjnego.webp","datePublished":"2026-01-08T13:02:15+00:00","breadcrumb":{"@id":"https:\/\/cgh-group.com\/en\/products\/industry\/electromobility-battery-and-accumulator-factories\/biofuel-storage-tanks-2\/#breadcrumb"},"inLanguage":"en-US","potentialAction":[{"@type":"ReadAction","target":["https:\/\/cgh-group.com\/en\/products\/industry\/electromobility-battery-and-accumulator-factories\/biofuel-storage-tanks-2\/"]}]},{"@type":"ImageObject","inLanguage":"en-US","@id":"https:\/\/cgh-group.com\/en\/products\/industry\/electromobility-battery-and-accumulator-factories\/biofuel-storage-tanks-2\/#primaryimage","url":"https:\/\/cgh-group.com\/wp-content\/uploads\/2026\/01\/zbiorniki-do-zrzutu-awaryjnego.webp","contentUrl":"https:\/\/cgh-group.com\/wp-content\/uploads\/2026\/01\/zbiorniki-do-zrzutu-awaryjnego.webp","width":2560,"height":1440},{"@type":"BreadcrumbList","@id":"https:\/\/cgh-group.com\/en\/products\/industry\/electromobility-battery-and-accumulator-factories\/biofuel-storage-tanks-2\/#breadcrumb","itemListElement":[{"@type":"ListItem","position":1,"name":"Home","item":"https:\/\/cgh-group.com\/en\/"},{"@type":"ListItem","position":2,"name":"Tanks for Industry","item":"https:\/\/cgh-group.com\/en\/products\/industry\/"},{"@type":"ListItem","position":3,"name":"Electromobility &#8211; battery and accumulator factories","item":"https:\/\/cgh-group.com\/en\/products\/industry\/electromobility-battery-and-accumulator-factories\/"},{"@type":"ListItem","position":4,"name":"Biofuel Storage Tanks"}]},{"@type":"WebSite","@id":"https:\/\/cgh-group.com\/#website","url":"https:\/\/cgh-group.com\/","name":"CGH Group","description":"","potentialAction":[{"@type":"SearchAction","target":{"@type":"EntryPoint","urlTemplate":"https:\/\/cgh-group.com\/?s={search_term_string}"},"query-input":{"@type":"PropertyValueSpecification","valueRequired":true,"valueName":"search_term_string"}}],"inLanguage":"en-US"}]}},"uagb_featured_image_src":{"full":["https:\/\/cgh-group.com\/wp-content\/uploads\/2026\/01\/zbiorniki-do-zrzutu-awaryjnego.webp",2560,1440,false],"thumbnail":["https:\/\/cgh-group.com\/wp-content\/uploads\/2026\/01\/zbiorniki-do-zrzutu-awaryjnego-150x150.webp",150,150,true],"medium":["https:\/\/cgh-group.com\/wp-content\/uploads\/2026\/01\/zbiorniki-do-zrzutu-awaryjnego-300x169.webp",300,169,true],"medium_large":["https:\/\/cgh-group.com\/wp-content\/uploads\/2026\/01\/zbiorniki-do-zrzutu-awaryjnego-768x432.webp",768,432,true],"large":["https:\/\/cgh-group.com\/wp-content\/uploads\/2026\/01\/zbiorniki-do-zrzutu-awaryjnego-1024x576.webp",1024,576,true],"1536x1536":["https:\/\/cgh-group.com\/wp-content\/uploads\/2026\/01\/zbiorniki-do-zrzutu-awaryjnego-1536x864.webp",1536,864,true],"2048x2048":["https:\/\/cgh-group.com\/wp-content\/uploads\/2026\/01\/zbiorniki-do-zrzutu-awaryjnego-2048x1152.webp",2048,1152,true]},"uagb_author_info":{"display_name":"Robert Chru\u015bci\u0144ski","author_link":"https:\/\/cgh-group.com\/en\/author\/"},"uagb_comment_info":0,"uagb_excerpt":null,"_links":{"self":[{"href":"https:\/\/cgh-group.com\/en\/wp-json\/wp\/v2\/product\/6992","targetHints":{"allow":["GET"]}}],"collection":[{"href":"https:\/\/cgh-group.com\/en\/wp-json\/wp\/v2\/product"}],"about":[{"href":"https:\/\/cgh-group.com\/en\/wp-json\/wp\/v2\/types\/product"}],"up":[{"embeddable":true,"href":"https:\/\/cgh-group.com\/en\/wp-json\/wp\/v2\/product\/6271"}],"wp:featuredmedia":[{"embeddable":true,"href":"https:\/\/cgh-group.com\/en\/wp-json\/wp\/v2\/media\/8713"}],"wp:attachment":[{"href":"https:\/\/cgh-group.com\/en\/wp-json\/wp\/v2\/media?parent=6992"}],"curies":[{"name":"wp","href":"https:\/\/api.w.org\/{rel}","templated":true}]}}