{"id":6426,"date":"2025-11-12T12:55:50","date_gmt":"2025-11-12T11:55:50","guid":{"rendered":"https:\/\/cgh.q.test.ideo.pl\/products\/przemysl\/czyste-technologie\/hydrogen-storage-tanks\/"},"modified":"2026-04-23T10:31:05","modified_gmt":"2026-04-23T08:31:05","slug":"hydrogen-storage-tanks","status":"publish","type":"product","link":"https:\/\/cgh-group.com\/en\/products\/industry\/clean-technology\/hydrogen-storage-tanks\/","title":{"rendered":"Hydrogen storage tanks"},"content":{"rendered":"<div class=\"align wp-block-sage-columns-section-with-icon-features\">\n  <section class=\"bg-primary text-neutral-900\">\n    <div class=\"container mx-auto\">\n              <header class=\"p-4 md:p-8\">\n          <h2 class=\"text-3xl md:text-4xl font-bold mb-4\">\n            Hydrogen storage tanks \u2013 CGH solutions for the future of energy\n          <\/h2>\n        <\/header>\n      \n      \n              <div class=\"p-4 pb-10 md:pb-16 md:p-8 grid grid-cols-1 md:grid-cols-3 gap-10 md:gap-12\">\n                      <article class=\"flex flex-col h-full border-t border-neutral-900\/20 pt-10 md:pt-0 md:border-t-0 md:border-l md:border-neutral-900\/20 md:pl-10 first:border-t-0 first:pt-0 md:[&#038;:nth-child(3n+1)]:border-l-0 md:[&#038;:nth-child(3n+1)]:pl-0\">\n                              <div class=\"mb-4\">\n                  <img decoding=\"async\" src=\"https:\/\/cgh-group.com\/wp-content\/uploads\/2025\/11\/shield-check.svg\" class=\"w-10 h-10 mb-4 text-yellow-400\" alt=\"\" \/>\n                <\/div>\n              \n                              <div class=\"text-sm md:text-base text-neutral-900\/80\">\n                  <p>We use 304L stainless steel.<br \/>\nWe manufacture in accordance with EN13445, AD2000, or ASME standards.<\/p>\n\n                <\/div>\n                          <\/article>\n                      <article class=\"flex flex-col h-full border-t border-neutral-900\/20 pt-10 md:pt-0 md:border-t-0 md:border-l md:border-neutral-900\/20 md:pl-10 first:border-t-0 first:pt-0 md:[&#038;:nth-child(3n+1)]:border-l-0 md:[&#038;:nth-child(3n+1)]:pl-0\">\n                              <div class=\"mb-4\">\n                  <img decoding=\"async\" src=\"https:\/\/cgh-group.com\/wp-content\/uploads\/2025\/11\/paint-bucket.svg\" class=\"w-10 h-10 mb-4 text-yellow-400\" alt=\"\" \/>\n                <\/div>\n              \n                              <div class=\"text-sm md:text-base text-neutral-900\/80\">\n                  <p>We offer ergonomic platforms, ladders and walkways to ensure safe and comfortable access to all tank components.<\/p>\n\n                <\/div>\n                          <\/article>\n                      <article class=\"flex flex-col h-full border-t border-neutral-900\/20 pt-10 md:pt-0 md:border-t-0 md:border-l md:border-neutral-900\/20 md:pl-10 first:border-t-0 first:pt-0 md:[&#038;:nth-child(3n+1)]:border-l-0 md:[&#038;:nth-child(3n+1)]:pl-0\">\n                              <div class=\"mb-4\">\n                  <img decoding=\"async\" src=\"https:\/\/cgh-group.com\/wp-content\/uploads\/2025\/11\/folder-git-2.svg\" class=\"w-10 h-10 mb-4 text-yellow-400\" alt=\"\" \/>\n                <\/div>\n              \n                              <div class=\"text-sm md:text-base text-neutral-900\/80\">\n                  <p>CGH storage tanks are successively used in the chemical industry, pharmaceutical industry, plastics industry or petrochemical sector.<\/p>\n\n                <\/div>\n                          <\/article>\n                  <\/div>\n          <\/div>\n  <\/section>\n<\/div>\n\n<div class=\"align wp-block-sage-columns-section-with-icon-features-overlay\">\n  <section class=\"relative bg-neutral-700 text-white\">\n    \n    <div class=\"relative container mx-auto\">\n              <header class=\"p-8\">\n          <h2 class=\"text-2xl md:text-3xl lg:text-4xl font-bold text-white\">\n            Tank application\n          <\/h2>\n        <\/header>\n      \n      \n              <div class=\"grid grid-cols-1 md:grid-cols-2 pb-8\">\n                      <article class=\"flex flex-col mb-8 pb-0 p-8 md:flex-row lg:flex-col md:items-start gap-4 border-t border-white\/20 md:border-t-0 md:border-l md:[&#038;:nth-child(2n+1)]:border-l-0\">\n                              <div class=\"shrink-0\" style=\"filter: brightness(0) invert(1);\">\n                  <img decoding=\"async\" src=\"https:\/\/cgh-group.com\/wp-content\/uploads\/2025\/11\/droplet-off.svg\" class=\"w-10 h-10 mb-4 text-yellow-400\" alt=\"\" \/>\n                <\/div>\n              \n                              <div class=\"text-sm md:text-base text-neutral-100\/90\">\n                  <p>Storage of hydrogen in renewable-energy installations and hydrogen power plants.<\/p>\n\n                <\/div>\n                          <\/article>\n                      <article class=\"flex flex-col mb-8 pb-0 p-8 md:flex-row lg:flex-col md:items-start gap-4 border-t border-white\/20 md:border-t-0 md:border-l md:[&#038;:nth-child(2n+1)]:border-l-0\">\n                              <div class=\"shrink-0\" style=\"filter: brightness(0) invert(1);\">\n                  <img decoding=\"async\" src=\"https:\/\/cgh-group.com\/wp-content\/uploads\/2025\/11\/thermometer-sun.svg\" class=\"w-10 h-10 mb-4 text-yellow-400\" alt=\"\" \/>\n                <\/div>\n              \n                              <div class=\"text-sm md:text-base text-neutral-100\/90\">\n                  <p>Storage of hydrogen for chemical synthesis and industrial processing.<\/p>\n\n                <\/div>\n                          <\/article>\n                      <article class=\"flex flex-col mb-8 pb-0 p-8 md:flex-row lg:flex-col md:items-start gap-4 border-t border-white\/20 md:border-t-0 md:border-l md:[&#038;:nth-child(2n+1)]:border-l-0\">\n                              <div class=\"shrink-0\" style=\"filter: brightness(0) invert(1);\">\n                  <img decoding=\"async\" src=\"https:\/\/cgh-group.com\/wp-content\/uploads\/2025\/11\/paint-bucket.svg\" class=\"w-10 h-10 mb-4 text-yellow-400\" alt=\"\" \/>\n                <\/div>\n              \n                              <div class=\"text-sm md:text-base text-neutral-100\/90\">\n                  <p>Supplying hydrogen refuelling stations for fuel-cell vehicles.<\/p>\n\n                <\/div>\n                          <\/article>\n                      <article class=\"flex flex-col mb-8 pb-0 p-8 md:flex-row lg:flex-col md:items-start gap-4 border-t border-white\/20 md:border-t-0 md:border-l md:[&#038;:nth-child(2n+1)]:border-l-0\">\n                              <div class=\"shrink-0\" style=\"filter: brightness(0) invert(1);\">\n                  <img decoding=\"async\" src=\"https:\/\/cgh-group.com\/wp-content\/uploads\/2025\/11\/shield-check.svg\" class=\"w-10 h-10 mb-4 text-yellow-400\" alt=\"\" \/>\n                <\/div>\n              \n                              <div class=\"text-sm md:text-base text-neutral-100\/90\">\n                  <p>Safe storage of hydrogen in systems requiring the highest level of safety.<\/p>\n\n                <\/div>\n                          <\/article>\n                  <\/div>\n          <\/div>\n  <\/section>\n<\/div>\n\n<div class=\"align wp-block-sage-product-showcase\">\n  <section class=\"product-showcase container mx-auto mt-8 mb-10 md:mt-14 md:mb-19\">\n    <h2 class=\"text-2xl md:text-3xl font-bold p-8 font-space-grotesk\">Product showcase<\/h2>\n    <div class=\"grid grid-cols-1 gap-8 lg:grid-cols-2 lg:gap-10\">\n      <div>\n        <section\n          class=\"relative w-full flex overflow-hidden aspect-[4\/3]\"\n        >\n          <div class=\"slider flex w-full h-full\">\n            <div class=\"swiper-wrapper\">\n                              <div class=\"swiper-slide\">\n                  <div class=\"absolute inset-0 z-0\">\n                    <img loading=\"lazy\" decoding=\"async\" width=\"600\" height=\"800\" src=\"https:\/\/cgh-group.com\/wp-content\/uploads\/2025\/11\/Zbiorniki-na-wodor.webp\" class=\"w-full h-full object-contain\" alt=\"\" srcset=\"https:\/\/cgh-group.com\/wp-content\/uploads\/2025\/11\/Zbiorniki-na-wodor.webp 600w, https:\/\/cgh-group.com\/wp-content\/uploads\/2025\/11\/Zbiorniki-na-wodor-225x300.webp 225w\" sizes=\"auto, (max-width: 600px) 100vw, 600px\" \/>\n                  <\/div>\n                  <div class=\"container mx-auto px-4 flex w-full h-full items-end justify-center pb-6 md:pb-10\">\n                    \n                  <\/div>\n                <\/div>\n                              <div class=\"swiper-slide\">\n                  <div class=\"absolute inset-0 z-0\">\n                    <img loading=\"lazy\" decoding=\"async\" width=\"600\" height=\"800\" src=\"https:\/\/cgh-group.com\/wp-content\/uploads\/2025\/11\/Zbiorniki-na-wodor-1.webp\" class=\"w-full h-full object-contain\" alt=\"\" srcset=\"https:\/\/cgh-group.com\/wp-content\/uploads\/2025\/11\/Zbiorniki-na-wodor-1.webp 600w, https:\/\/cgh-group.com\/wp-content\/uploads\/2025\/11\/Zbiorniki-na-wodor-1-225x300.webp 225w\" sizes=\"auto, (max-width: 600px) 100vw, 600px\" \/>\n                  <\/div>\n                  <div class=\"container mx-auto px-4 flex w-full h-full items-end justify-center pb-6 md:pb-10\">\n                    \n                  <\/div>\n                <\/div>\n                              <div class=\"swiper-slide\">\n                  <div class=\"absolute inset-0 z-0\">\n                    <img loading=\"lazy\" decoding=\"async\" width=\"600\" height=\"800\" src=\"https:\/\/cgh-group.com\/wp-content\/uploads\/2025\/11\/Zbiorniki-na-wodor-2.webp\" class=\"w-full h-full object-contain\" alt=\"\" srcset=\"https:\/\/cgh-group.com\/wp-content\/uploads\/2025\/11\/Zbiorniki-na-wodor-2.webp 600w, https:\/\/cgh-group.com\/wp-content\/uploads\/2025\/11\/Zbiorniki-na-wodor-2-225x300.webp 225w\" sizes=\"auto, (max-width: 600px) 100vw, 600px\" \/>\n                  <\/div>\n                  <div class=\"container mx-auto px-4 flex w-full h-full items-end justify-center pb-6 md:pb-10\">\n                    \n                  <\/div>\n                <\/div>\n                          <\/div>\n\n                          <div class=\"swiper-pagination absolute bottom-8 flex justify-center space-x-2 z-10 left-0 right-0\"><\/div>\n                      <\/div>\n        <\/section>\n\n                  <div class=\"mt-6 md:mt-8 text-center\">\n            <a href=\"\/products\/rozwiazania\/zbiorniki-naziemne-pionowe\/\"\n               class=\"font-space-grotesk block w-full text-center bg-primary text-black items-center font-semibold px-10 py-4 transition text-base\">\n              Detailed technical specification\n            <\/a>\n          <\/div>\n              <\/div>\n\n      <div class=\"font-space-grotesk\">\n        <div class=\"acf-innerblocks-container\">\n<div class=\"product-attributes mb-8 wp-block-sage-product-attributes\">\n  <div class=\"bg-gray-100 p-5 space-y-3\">\n          <div class=\"grid grid-cols-[minmax(0,1fr)_minmax(0,1fr)] gap-x-4 md:gap-x-8 text-base text-gray-900\">\n        <div class=\"flex items-start gap-3 min-w-0\">\n                                  <img decoding=\"async\"\n              src=\"https:\/\/cgh-group.com\/wp-content\/themes\/sage\/public\/build\/assets\/box-BT7K4Wnz.svg\"\n              alt=\"\"\n              class=\"w-6 h-6 mt-0.5 flex-shrink-0\"\n              loading=\"lazy\"\n            >\n                    <span class=\"font-bold\">Capacity:<\/span>\n        <\/div>\n        <div class=\"min-w-0 md:pt-0.5\">\n          <span class=\"block\">10 m3, \u015brednica 1600 mm<\/span>\n        <\/div>\n      <\/div>\n          <div class=\"grid grid-cols-[minmax(0,1fr)_minmax(0,1fr)] gap-x-4 md:gap-x-8 text-base text-gray-900\">\n        <div class=\"flex items-start gap-3 min-w-0\">\n                                  <img decoding=\"async\"\n              src=\"https:\/\/cgh-group.com\/wp-content\/themes\/sage\/public\/build\/assets\/droplet-Dp16Gio6.svg\"\n              alt=\"\"\n              class=\"w-6 h-6 mt-0.5 flex-shrink-0\"\n              loading=\"lazy\"\n            >\n                    <span class=\"font-bold\">Medium:<\/span>\n        <\/div>\n        <div class=\"min-w-0 md:pt-0.5\">\n          <span class=\"block\">wod\u00f3r<\/span>\n        <\/div>\n      <\/div>\n          <div class=\"grid grid-cols-[minmax(0,1fr)_minmax(0,1fr)] gap-x-4 md:gap-x-8 text-base text-gray-900\">\n        <div class=\"flex items-start gap-3 min-w-0\">\n                                  <img decoding=\"async\"\n              src=\"https:\/\/cgh-group.com\/wp-content\/themes\/sage\/public\/build\/assets\/info-kcF9tYrV.svg\"\n              alt=\"\"\n              class=\"w-6 h-6 mt-0.5 flex-shrink-0\"\n              loading=\"lazy\"\n            >\n                    <span class=\"font-bold\">Manufacturing standard:<\/span>\n        <\/div>\n        <div class=\"min-w-0 md:pt-0.5\">\n          <span class=\"block\">AD2000, zgodnie z dyrektyw\u0105 ci\u015bnieniow\u0105 2014\/68\/UE<\/span>\n        <\/div>\n      <\/div>\n          <div class=\"grid grid-cols-[minmax(0,1fr)_minmax(0,1fr)] gap-x-4 md:gap-x-8 text-base text-gray-900\">\n        <div class=\"flex items-start gap-3 min-w-0\">\n                                  <img decoding=\"async\"\n              src=\"https:\/\/cgh-group.com\/wp-content\/themes\/sage\/public\/build\/assets\/bubbles-BwZORyiI.svg\"\n              alt=\"\"\n              class=\"w-6 h-6 mt-0.5 flex-shrink-0\"\n              loading=\"lazy\"\n            >\n                    <span class=\"font-bold\">Operating pressure:<\/span>\n        <\/div>\n        <div class=\"min-w-0 md:pt-0.5\">\n          <span class=\"block\">30 bar<\/span>\n        <\/div>\n      <\/div>\n          <div class=\"grid grid-cols-[minmax(0,1fr)_minmax(0,1fr)] gap-x-4 md:gap-x-8 text-base text-gray-900\">\n        <div class=\"flex items-start gap-3 min-w-0\">\n                                  <img decoding=\"async\"\n              src=\"https:\/\/cgh-group.com\/wp-content\/themes\/sage\/public\/build\/assets\/thermometer-DSuVi9Tq.svg\"\n              alt=\"\"\n              class=\"w-6 h-6 mt-0.5 flex-shrink-0\"\n              loading=\"lazy\"\n            >\n                    <span class=\"font-bold\">Operating temperature:<\/span>\n        <\/div>\n        <div class=\"min-w-0 md:pt-0.5\">\n          <span class=\"block\">-20\u00b0C \/ +50\u00b0<\/span>\n        <\/div>\n      <\/div>\n      <\/div>\n<\/div>\n\n\n\n\n<ul class=\"wp-block-list\">\n<li>Above-ground, vertical, single-wall tank made of 1.4404 stainless steel<\/li>\n\n\n\n<li>The tank has undergone internal and external pickling and passivation processes. <\/li>\n\n\n\n<li>Internal and external surfaces pickled and passivated. Equipped with 4 reinforcements and CE marking. Material thickness selected in accordance with AD2000 with required safety factors. <\/li>\n<\/ul>\n\n<\/div>\n      <\/div>\n    <\/div>\n  <\/section>\n<\/div>\n\n<div class=\"w-full mt-8 mb-10 md:mt-14 md:mb-19 mx-auto align wp-block-sage-sales-representative\">\n    <div class=\"relative grid grid-cols-1 md:grid-cols-2 bg-gray-100 overflow-hidden font-space-grotesk\">\n                    <div\n                class=\"pointer-events-none absolute inset-0 bg-center bg-cover opacity-60\"\n                style=\"background-image: url('https:\/\/cgh-group.com\/wp-content\/uploads\/2026\/03\/sales-background-scaled.webp');\"\n                aria-hidden=\"true\"\n            ><\/div>\n        \n        <div class=\"relative p-8 md:p-10 flex flex-col justify-center bg-white my-14\">\n            <div class=\"font-semibold mb-8 text-4xl\">\n                Contact our expert\n            <\/div>\n            <h2 class=\"text-2xl font-bold text-black mb-5\">\n                Maciej Kornik\n            <\/h2>\n\n                            <div class=\"font-medium mb-8 text-xl\">\n                    Sales Manager\n                <\/div>\n            \n            <div class=\"text-base mb-8\">\n                \n            <\/div>\n\n            <div class=\"space-y-2 text-xl\">\n                                    <div class=\"flex items-center gap-3\">\n                        <img decoding=\"async\"\n                            src=\"https:\/\/cgh-group.com\/wp-content\/themes\/sage\/public\/build\/assets\/Phone-CW8S0lpi.png\"\n                            alt=\"Phone icon\"\n                            class=\"w-6 h-6\"\n                        >\n                        <a href=\"tel:664\u00a0974849\"\n                           class=\"font-semibold transition-colors\">\n                            664\u00a0974 849\n                        <\/a>\n                    <\/div>\n                \n                                    <div class=\"flex items-center gap-3\">\n                        <img decoding=\"async\"\n                            src=\"https:\/\/cgh-group.com\/wp-content\/themes\/sage\/public\/build\/assets\/EnvelopeSimple-D8GkZTrr.png\"\n                            alt=\"Email icon\"\n                            class=\"w-6 h-6\"\n                        >\n                        <a href=\"mailto:maciej.kornik@cgh.com.pl\"\n                           class=\"text-sm sm:text-base font-semibold transition-colors whitespace-nowrap\">\n                            maciej.kornik@cgh.com.pl\n                        <\/a>\n                    <\/div>\n                            <\/div>\n        <\/div>\n\n        <div class=\"relative h-64 md:h-full\">\n                            <img decoding=\"async\"\n                    src=\"https:\/\/cgh-group.com\/wp-content\/uploads\/2026\/04\/Maciej-Kornik-1-1024x683.png\"\n                    alt=\"Maciej Kornik\"\n                    class=\"w-full h-full object-cover object-top\"\n                >\n                    <\/div>\n    <\/div>\n<\/div>\n\n","protected":false},"featured_media":8582,"parent":6159,"menu_order":0,"template":"","class_list":["post-6426","product","type-product","status-publish","has-post-thumbnail","hentry"],"acf":[],"yoast_head":"<!-- This site is optimized with the Yoast SEO plugin v27.4 - https:\/\/yoast.com\/product\/yoast-seo-wordpress\/ -->\n<title>Hydrogen storage tanks - CGH Group<\/title>\n<meta name=\"robots\" content=\"index, follow, max-snippet:-1, max-image-preview:large, max-video-preview:-1\" \/>\n<link rel=\"canonical\" href=\"https:\/\/cgh-group.com\/en\/products\/industry\/clean-technology\/hydrogen-storage-tanks\/\" \/>\n<meta property=\"og:locale\" content=\"en_US\" \/>\n<meta property=\"og:type\" content=\"article\" \/>\n<meta property=\"og:title\" content=\"Hydrogen storage tanks - CGH Group\" \/>\n<meta property=\"og:url\" content=\"https:\/\/cgh-group.com\/en\/products\/industry\/clean-technology\/hydrogen-storage-tanks\/\" \/>\n<meta property=\"og:site_name\" content=\"CGH Group\" \/>\n<meta property=\"article:modified_time\" content=\"2026-04-23T08:31:05+00:00\" \/>\n<meta property=\"og:image\" content=\"https:\/\/cgh-group.com\/wp-content\/uploads\/2025\/11\/zbiorniki-na-wodor-3-scaled.webp\" \/>\n\t<meta property=\"og:image:width\" content=\"2560\" \/>\n\t<meta property=\"og:image:height\" content=\"846\" \/>\n\t<meta property=\"og:image:type\" content=\"image\/webp\" \/>\n<meta name=\"twitter:card\" content=\"summary_large_image\" \/>\n<script type=\"application\/ld+json\" class=\"yoast-schema-graph\">{\"@context\":\"https:\\\/\\\/schema.org\",\"@graph\":[{\"@type\":\"WebPage\",\"@id\":\"https:\\\/\\\/cgh-group.com\\\/en\\\/products\\\/industry\\\/clean-technology\\\/hydrogen-storage-tanks\\\/\",\"url\":\"https:\\\/\\\/cgh-group.com\\\/en\\\/products\\\/industry\\\/clean-technology\\\/hydrogen-storage-tanks\\\/\",\"name\":\"Hydrogen storage tanks - CGH Group\",\"isPartOf\":{\"@id\":\"https:\\\/\\\/cgh-group.com\\\/#website\"},\"primaryImageOfPage\":{\"@id\":\"https:\\\/\\\/cgh-group.com\\\/en\\\/products\\\/industry\\\/clean-technology\\\/hydrogen-storage-tanks\\\/#primaryimage\"},\"image\":{\"@id\":\"https:\\\/\\\/cgh-group.com\\\/en\\\/products\\\/industry\\\/clean-technology\\\/hydrogen-storage-tanks\\\/#primaryimage\"},\"thumbnailUrl\":\"https:\\\/\\\/cgh-group.com\\\/wp-content\\\/uploads\\\/2025\\\/11\\\/zbiorniki-na-wodor-3-scaled.webp\",\"datePublished\":\"2025-11-12T11:55:50+00:00\",\"dateModified\":\"2026-04-23T08:31:05+00:00\",\"breadcrumb\":{\"@id\":\"https:\\\/\\\/cgh-group.com\\\/en\\\/products\\\/industry\\\/clean-technology\\\/hydrogen-storage-tanks\\\/#breadcrumb\"},\"inLanguage\":\"en-US\",\"potentialAction\":[{\"@type\":\"ReadAction\",\"target\":[\"https:\\\/\\\/cgh-group.com\\\/en\\\/products\\\/industry\\\/clean-technology\\\/hydrogen-storage-tanks\\\/\"]}]},{\"@type\":\"ImageObject\",\"inLanguage\":\"en-US\",\"@id\":\"https:\\\/\\\/cgh-group.com\\\/en\\\/products\\\/industry\\\/clean-technology\\\/hydrogen-storage-tanks\\\/#primaryimage\",\"url\":\"https:\\\/\\\/cgh-group.com\\\/wp-content\\\/uploads\\\/2025\\\/11\\\/zbiorniki-na-wodor-3-scaled.webp\",\"contentUrl\":\"https:\\\/\\\/cgh-group.com\\\/wp-content\\\/uploads\\\/2025\\\/11\\\/zbiorniki-na-wodor-3-scaled.webp\",\"width\":2560,\"height\":846},{\"@type\":\"BreadcrumbList\",\"@id\":\"https:\\\/\\\/cgh-group.com\\\/en\\\/products\\\/industry\\\/clean-technology\\\/hydrogen-storage-tanks\\\/#breadcrumb\",\"itemListElement\":[{\"@type\":\"ListItem\",\"position\":1,\"name\":\"Home\",\"item\":\"https:\\\/\\\/cgh-group.com\\\/en\\\/\"},{\"@type\":\"ListItem\",\"position\":2,\"name\":\"Tanks for Industry\",\"item\":\"https:\\\/\\\/cgh-group.com\\\/en\\\/products\\\/industry\\\/\"},{\"@type\":\"ListItem\",\"position\":3,\"name\":\"Clean Technology\",\"item\":\"https:\\\/\\\/cgh-group.com\\\/en\\\/products\\\/industry\\\/clean-technology\\\/\"},{\"@type\":\"ListItem\",\"position\":4,\"name\":\"Hydrogen storage tanks\"}]},{\"@type\":\"WebSite\",\"@id\":\"https:\\\/\\\/cgh-group.com\\\/#website\",\"url\":\"https:\\\/\\\/cgh-group.com\\\/\",\"name\":\"CGH Group\",\"description\":\"\",\"potentialAction\":[{\"@type\":\"SearchAction\",\"target\":{\"@type\":\"EntryPoint\",\"urlTemplate\":\"https:\\\/\\\/cgh-group.com\\\/?s={search_term_string}\"},\"query-input\":{\"@type\":\"PropertyValueSpecification\",\"valueRequired\":true,\"valueName\":\"search_term_string\"}}],\"inLanguage\":\"en-US\"}]}<\/script>\n<!-- \/ Yoast SEO plugin. -->","yoast_head_json":{"title":"Hydrogen storage tanks - CGH Group","robots":{"index":"index","follow":"follow","max-snippet":"max-snippet:-1","max-image-preview":"max-image-preview:large","max-video-preview":"max-video-preview:-1"},"canonical":"https:\/\/cgh-group.com\/en\/products\/industry\/clean-technology\/hydrogen-storage-tanks\/","og_locale":"en_US","og_type":"article","og_title":"Hydrogen storage tanks - CGH Group","og_url":"https:\/\/cgh-group.com\/en\/products\/industry\/clean-technology\/hydrogen-storage-tanks\/","og_site_name":"CGH Group","article_modified_time":"2026-04-23T08:31:05+00:00","og_image":[{"width":2560,"height":846,"url":"https:\/\/cgh-group.com\/wp-content\/uploads\/2025\/11\/zbiorniki-na-wodor-3-scaled.webp","type":"image\/webp"}],"twitter_card":"summary_large_image","schema":{"@context":"https:\/\/schema.org","@graph":[{"@type":"WebPage","@id":"https:\/\/cgh-group.com\/en\/products\/industry\/clean-technology\/hydrogen-storage-tanks\/","url":"https:\/\/cgh-group.com\/en\/products\/industry\/clean-technology\/hydrogen-storage-tanks\/","name":"Hydrogen storage tanks - CGH Group","isPartOf":{"@id":"https:\/\/cgh-group.com\/#website"},"primaryImageOfPage":{"@id":"https:\/\/cgh-group.com\/en\/products\/industry\/clean-technology\/hydrogen-storage-tanks\/#primaryimage"},"image":{"@id":"https:\/\/cgh-group.com\/en\/products\/industry\/clean-technology\/hydrogen-storage-tanks\/#primaryimage"},"thumbnailUrl":"https:\/\/cgh-group.com\/wp-content\/uploads\/2025\/11\/zbiorniki-na-wodor-3-scaled.webp","datePublished":"2025-11-12T11:55:50+00:00","dateModified":"2026-04-23T08:31:05+00:00","breadcrumb":{"@id":"https:\/\/cgh-group.com\/en\/products\/industry\/clean-technology\/hydrogen-storage-tanks\/#breadcrumb"},"inLanguage":"en-US","potentialAction":[{"@type":"ReadAction","target":["https:\/\/cgh-group.com\/en\/products\/industry\/clean-technology\/hydrogen-storage-tanks\/"]}]},{"@type":"ImageObject","inLanguage":"en-US","@id":"https:\/\/cgh-group.com\/en\/products\/industry\/clean-technology\/hydrogen-storage-tanks\/#primaryimage","url":"https:\/\/cgh-group.com\/wp-content\/uploads\/2025\/11\/zbiorniki-na-wodor-3-scaled.webp","contentUrl":"https:\/\/cgh-group.com\/wp-content\/uploads\/2025\/11\/zbiorniki-na-wodor-3-scaled.webp","width":2560,"height":846},{"@type":"BreadcrumbList","@id":"https:\/\/cgh-group.com\/en\/products\/industry\/clean-technology\/hydrogen-storage-tanks\/#breadcrumb","itemListElement":[{"@type":"ListItem","position":1,"name":"Home","item":"https:\/\/cgh-group.com\/en\/"},{"@type":"ListItem","position":2,"name":"Tanks for Industry","item":"https:\/\/cgh-group.com\/en\/products\/industry\/"},{"@type":"ListItem","position":3,"name":"Clean Technology","item":"https:\/\/cgh-group.com\/en\/products\/industry\/clean-technology\/"},{"@type":"ListItem","position":4,"name":"Hydrogen storage tanks"}]},{"@type":"WebSite","@id":"https:\/\/cgh-group.com\/#website","url":"https:\/\/cgh-group.com\/","name":"CGH Group","description":"","potentialAction":[{"@type":"SearchAction","target":{"@type":"EntryPoint","urlTemplate":"https:\/\/cgh-group.com\/?s={search_term_string}"},"query-input":{"@type":"PropertyValueSpecification","valueRequired":true,"valueName":"search_term_string"}}],"inLanguage":"en-US"}]}},"uagb_featured_image_src":{"full":["https:\/\/cgh-group.com\/wp-content\/uploads\/2025\/11\/zbiorniki-na-wodor-3-scaled.webp",2560,846,false],"thumbnail":["https:\/\/cgh-group.com\/wp-content\/uploads\/2025\/11\/zbiorniki-na-wodor-3-150x150.webp",150,150,true],"medium":["https:\/\/cgh-group.com\/wp-content\/uploads\/2025\/11\/zbiorniki-na-wodor-3-300x99.webp",300,99,true],"medium_large":["https:\/\/cgh-group.com\/wp-content\/uploads\/2025\/11\/zbiorniki-na-wodor-3-768x254.webp",768,254,true],"large":["https:\/\/cgh-group.com\/wp-content\/uploads\/2025\/11\/zbiorniki-na-wodor-3-1024x338.webp",1024,338,true],"1536x1536":["https:\/\/cgh-group.com\/wp-content\/uploads\/2025\/11\/zbiorniki-na-wodor-3-1536x507.webp",1536,507,true],"2048x2048":["https:\/\/cgh-group.com\/wp-content\/uploads\/2025\/11\/zbiorniki-na-wodor-3-2048x677.webp",2048,677,true]},"uagb_author_info":{"display_name":"Maciej Brzana","author_link":"https:\/\/cgh-group.com\/en\/author\/"},"uagb_comment_info":0,"uagb_excerpt":null,"_links":{"self":[{"href":"https:\/\/cgh-group.com\/en\/wp-json\/wp\/v2\/product\/6426","targetHints":{"allow":["GET"]}}],"collection":[{"href":"https:\/\/cgh-group.com\/en\/wp-json\/wp\/v2\/product"}],"about":[{"href":"https:\/\/cgh-group.com\/en\/wp-json\/wp\/v2\/types\/product"}],"up":[{"embeddable":true,"href":"https:\/\/cgh-group.com\/en\/wp-json\/wp\/v2\/product\/6159"}],"wp:featuredmedia":[{"embeddable":true,"href":"https:\/\/cgh-group.com\/en\/wp-json\/wp\/v2\/media\/8582"}],"wp:attachment":[{"href":"https:\/\/cgh-group.com\/en\/wp-json\/wp\/v2\/media?parent=6426"}],"curies":[{"name":"wp","href":"https:\/\/api.w.org\/{rel}","templated":true}]}}