{"id":6309,"date":"2025-11-25T08:58:58","date_gmt":"2025-11-25T07:58:58","guid":{"rendered":"https:\/\/cgh.q.test.ideo.pl\/products\/fuel\/anchoring-systems\/speed-chassis\/"},"modified":"2026-04-23T14:55:13","modified_gmt":"2026-04-23T12:55:13","slug":"speed-chassis","status":"publish","type":"product","link":"https:\/\/cgh-group.com\/en\/products\/fuel\/anchoring-systems\/speed-chassis\/","title":{"rendered":"Speed chassis"},"content":{"rendered":"<div class=\"align wp-block-sage-columns-section-with-icon-features\">\n  <section class=\"bg-primary text-neutral-900\">\n    <div class=\"container mx-auto\">\n              <header class=\"p-4 md:p-8\">\n          <h2 class=\"text-3xl md:text-4xl font-bold mb-4\">\n            Why should you choose Speed Chassis?\n          <\/h2>\n        <\/header>\n      \n      \n              <div class=\"p-4 pb-10 md:pb-16 md:p-8 grid grid-cols-1 md:grid-cols-3 gap-10 md:gap-12\">\n                      <article class=\"flex flex-col h-full border-t border-neutral-900\/20 pt-10 md:pt-0 md:border-t-0 md:border-l md:border-neutral-900\/20 md:pl-10 first:border-t-0 first:pt-0 md:[&#038;:nth-child(3n+1)]:border-l-0 md:[&#038;:nth-child(3n+1)]:pl-0\">\n                              <div class=\"mb-4\">\n                  <img decoding=\"async\" src=\"https:\/\/cgh-group.com\/wp-content\/uploads\/2025\/11\/shield-check.svg\" class=\"w-10 h-10 mb-4 text-yellow-400\" alt=\"\" \/>\n                <\/div>\n              \n                              <div class=\"text-sm md:text-base text-neutral-900\/80\">\n                  <p><b>Durability and reliability<\/b><\/p>\n<ul>\n<li>The welded frame made of I-beam profiles covers the entire outline of the tank.<\/li>\n<li>Ribbed bars welded to the frame form reinforcement for the concrete slab.<\/li>\n<li>Rubber protection pads are placed between the tank and the frame, as well as under the straps.<\/li>\n<\/ul>\n\n                <\/div>\n                          <\/article>\n                      <article class=\"flex flex-col h-full border-t border-neutral-900\/20 pt-10 md:pt-0 md:border-t-0 md:border-l md:border-neutral-900\/20 md:pl-10 first:border-t-0 first:pt-0 md:[&#038;:nth-child(3n+1)]:border-l-0 md:[&#038;:nth-child(3n+1)]:pl-0\">\n                              <div class=\"mb-4\">\n                  <img decoding=\"async\" src=\"https:\/\/cgh-group.com\/wp-content\/uploads\/2025\/11\/paint-bucket.svg\" class=\"w-10 h-10 mb-4 text-yellow-400\" alt=\"\" \/>\n                <\/div>\n              \n                              <div class=\"text-sm md:text-base text-neutral-900\/80\">\n                  <p><b>Safety and savings<\/b><\/p>\n<ul>\n<li>Tank control using guiding ropes is done from ground level.<\/li>\n<li>Tank installation does not require working inside the excavation during placement.<\/li>\n<li>Assembly is performed without the need for additional tools or reinforcement work on-site.<\/li>\n<\/ul>\n\n                <\/div>\n                          <\/article>\n                      <article class=\"flex flex-col h-full border-t border-neutral-900\/20 pt-10 md:pt-0 md:border-t-0 md:border-l md:border-neutral-900\/20 md:pl-10 first:border-t-0 first:pt-0 md:[&#038;:nth-child(3n+1)]:border-l-0 md:[&#038;:nth-child(3n+1)]:pl-0\">\n                              <div class=\"mb-4\">\n                  <img decoding=\"async\" src=\"https:\/\/cgh-group.com\/wp-content\/uploads\/2025\/11\/folder-git-2.svg\" class=\"w-10 h-10 mb-4 text-yellow-400\" alt=\"\" \/>\n                <\/div>\n              \n                              <div class=\"text-sm md:text-base text-neutral-900\/80\">\n                  <p><b>Installation flexibility<\/b><\/p>\n<ul>\n<li>The tank is installed on B10 concrete or compacted soil.<\/li>\n<li>Blocks for mounting strap bolts are welded to the foundation frame.<\/li>\n<li>The structure enables stable tank installation in various soil conditions.<\/li>\n<\/ul>\n\n                <\/div>\n                          <\/article>\n                  <\/div>\n          <\/div>\n  <\/section>\n<\/div>\n\n<div class=\"align wp-block-sage-columns-section-with-icon-features-overlay\">\n  <section class=\"relative bg-neutral-700 text-white\">\n    \n    <div class=\"relative container mx-auto\">\n              <header class=\"p-8\">\n          <h2 class=\"text-2xl md:text-3xl lg:text-4xl font-bold text-white\">\n            Speed Chassis and its applications\n          <\/h2>\n        <\/header>\n      \n      \n              <div class=\"grid grid-cols-1 md:grid-cols-2 pb-8\">\n                      <article class=\"flex flex-col mb-8 pb-0 p-8 md:flex-row lg:flex-col md:items-start gap-4 border-t border-white\/20 md:border-t-0 md:border-l md:[&#038;:nth-child(2n+1)]:border-l-0\">\n                              <div class=\"shrink-0\" style=\"filter: brightness(0) invert(1);\">\n                  <img decoding=\"async\" src=\"https:\/\/cgh-group.com\/wp-content\/uploads\/2025\/11\/droplet-off.svg\" class=\"w-10 h-10 mb-4 text-yellow-400\" alt=\"\" \/>\n                <\/div>\n              \n                              <div class=\"text-sm md:text-base text-neutral-100\/90\">\n                  <p>Fuel stations: Installation of underground tanks without the need to work inside the excavation.<\/p>\n\n                <\/div>\n                          <\/article>\n                      <article class=\"flex flex-col mb-8 pb-0 p-8 md:flex-row lg:flex-col md:items-start gap-4 border-t border-white\/20 md:border-t-0 md:border-l md:[&#038;:nth-child(2n+1)]:border-l-0\">\n                              <div class=\"shrink-0\" style=\"filter: brightness(0) invert(1);\">\n                  <img decoding=\"async\" src=\"https:\/\/cgh-group.com\/wp-content\/uploads\/2025\/11\/thermometer-sun.svg\" class=\"w-10 h-10 mb-4 text-yellow-400\" alt=\"\" \/>\n                <\/div>\n              \n                              <div class=\"text-sm md:text-base text-neutral-100\/90\">\n                  <p>Industry: Support for tanks used in technological processes.<\/p>\n\n                <\/div>\n                          <\/article>\n                      <article class=\"flex flex-col mb-8 pb-0 p-8 md:flex-row lg:flex-col md:items-start gap-4 border-t border-white\/20 md:border-t-0 md:border-l md:[&#038;:nth-child(2n+1)]:border-l-0\">\n              \n                              <div class=\"text-sm md:text-base text-neutral-100\/90\">\n                  <p>Fuel depots and logistics bases: Stable foundation for storage tanks.<\/p>\n\n                <\/div>\n                          <\/article>\n                      <article class=\"flex flex-col mb-8 pb-0 p-8 md:flex-row lg:flex-col md:items-start gap-4 border-t border-white\/20 md:border-t-0 md:border-l md:[&#038;:nth-child(2n+1)]:border-l-0\">\n              \n                              <div class=\"text-sm md:text-base text-neutral-100\/90\">\n                  <p>Infrastructure facilities: A foundation adapted for tanks used for process liquids.<\/p>\n\n                <\/div>\n                          <\/article>\n                      <article class=\"flex flex-col mb-8 pb-0 p-8 md:flex-row lg:flex-col md:items-start gap-4 border-t border-white\/20 md:border-t-0 md:border-l md:[&#038;:nth-child(2n+1)]:border-l-0\">\n              \n                              <div class=\"text-sm md:text-base text-neutral-100\/90\">\n                  <p>Wastewater treatment plants and water systems: A foundation solution for tanks used in water management systems.<\/p>\n\n                <\/div>\n                          <\/article>\n                  <\/div>\n          <\/div>\n  <\/section>\n<\/div>\n\n<div class=\"align wp-block-sage-product-showcase\">\n  <section class=\"product-showcase container mx-auto mt-8 mb-10 md:mt-14 md:mb-19\">\n    <h2 class=\"text-2xl md:text-3xl font-bold p-8 font-space-grotesk\">Specyfikacja techniczna, czyli najwa\u017cniejsze parametry, kt\u00f3re musisz zna\u0107<\/h2>\n    <div class=\"grid grid-cols-1 gap-8 lg:grid-cols-2 lg:gap-10\">\n      <div>\n        <section\n          class=\"relative w-full flex overflow-hidden aspect-[4\/3]\"\n        >\n          <div class=\"slider flex w-full h-full\">\n            <div class=\"swiper-wrapper\">\n                              <div class=\"swiper-slide\">\n                  <div class=\"absolute inset-0 z-0\">\n                    <img loading=\"lazy\" decoding=\"async\" width=\"1000\" height=\"750\" src=\"https:\/\/cgh-group.com\/wp-content\/uploads\/2025\/12\/Zbiorniki-na-szybkim-fundamencie-Speed-Chassis.jpg\" class=\"w-full h-full object-contain\" alt=\"\" srcset=\"https:\/\/cgh-group.com\/wp-content\/uploads\/2025\/12\/Zbiorniki-na-szybkim-fundamencie-Speed-Chassis.jpg 1000w, https:\/\/cgh-group.com\/wp-content\/uploads\/2025\/12\/Zbiorniki-na-szybkim-fundamencie-Speed-Chassis-300x225.jpg 300w, https:\/\/cgh-group.com\/wp-content\/uploads\/2025\/12\/Zbiorniki-na-szybkim-fundamencie-Speed-Chassis-768x576.jpg 768w\" sizes=\"auto, (max-width: 1000px) 100vw, 1000px\" \/>\n                  <\/div>\n                  <div class=\"container mx-auto px-4 flex w-full h-full items-end justify-center pb-6 md:pb-10\">\n                    \n                  <\/div>\n                <\/div>\n                              <div class=\"swiper-slide\">\n                  <div class=\"absolute inset-0 z-0\">\n                    <img loading=\"lazy\" decoding=\"async\" width=\"450\" height=\"338\" src=\"https:\/\/cgh-group.com\/wp-content\/uploads\/2025\/11\/speed-chassis-szybki-fundament-1.jpg\" class=\"w-full h-full object-contain\" alt=\"\" srcset=\"https:\/\/cgh-group.com\/wp-content\/uploads\/2025\/11\/speed-chassis-szybki-fundament-1.jpg 450w, https:\/\/cgh-group.com\/wp-content\/uploads\/2025\/11\/speed-chassis-szybki-fundament-1-300x225.jpg 300w\" sizes=\"auto, (max-width: 450px) 100vw, 450px\" \/>\n                  <\/div>\n                  <div class=\"container mx-auto px-4 flex w-full h-full items-end justify-center pb-6 md:pb-10\">\n                    \n                  <\/div>\n                <\/div>\n                          <\/div>\n\n                          <div class=\"swiper-pagination absolute bottom-8 flex justify-center space-x-2 z-10 left-0 right-0\"><\/div>\n                      <\/div>\n        <\/section>\n\n              <\/div>\n\n      <div class=\"font-space-grotesk\">\n        <div class=\"acf-innerblocks-container\">\n\n<p><strong>Construction: Speed Chassis is a frame made of I-beam steel profiles, welded into a structure covering the entire outline of the tank.<\/strong><\/p>\n\n\n\n<p><strong>Reinforcement:<\/strong> Ribbed bars welded between the frame profiles form reinforcement for the reinforced concrete slab.<\/p>\n\n\n\n<p><strong>Tank mounting:<\/strong> The finished tank is placed on the frame and secured using standard anchoring straps.<\/p>\n\n\n\n<p><strong>Notes and recommendations for earthworks<\/strong><\/p>\n\n\n\n<ul class=\"wp-block-list\">\n<li>Soil tests are required when preparing a construction design for a specific location.<\/li>\n\n\n\n<li>When backfilling the foundation, use soil from the excavation whenever possible, placing it in approx. 0.3 m layers with thorough compaction.<\/li>\n<\/ul>\n\n\n\n<p><strong>Notes for concrete works<\/strong><\/p>\n\n\n\n<ul class=\"wp-block-list\">\n<li>Proper concrete curing on site is crucial due to shrinkage stresses. The curing method must be determined before concreting begins. <\/li>\n\n\n\n<li>Concrete mix should be placed and compacted in a way that prevents segregation. Compaction must be continuous when placing each batch of concrete. <\/li>\n<\/ul>\n\n\n\n<p><strong>Design assumptions<\/strong><\/p>\n\n\n\n<ul class=\"wp-block-list\">\n<li>Underneath the foundation is a load-bearing soil.  <\/li>\n\n\n\n<li>Backfilling of the tank will be done with non-cohesive soil, laid and compacted in layers, assumed \u03b3 =18 <sup>kN\/m3<\/sup>.  <\/li>\n\n\n\n<li>The density of concrete in the foundation slab \u03b3 =22 <sup>kN\/m3<\/sup> was assumed for calculating the buoyancy of the tank.  <\/li>\n\n\n\n<li>Tank weights taken from CGH Polska technical data sheets.<\/li>\n\n\n\n<li>The depth of the tank&#8217;s crawlspace &#8211; 0.8 m (the layer of topsoil above the tank).  <\/li>\n\n\n\n<li>The exposure class of the foundation slab XC2 was assumed, and C16\/20 (B20) concrete was adopted for this exposure category. If there are waters in the ground that are more aggressive to concrete than for the XC2 category, the composition and brand of concrete mixture should be modified accordingly.   <\/li>\n\n\n\n<li>Groundwater level below terrain level (hw).<\/li>\n<\/ul>\n\n<\/div>\n      <\/div>\n    <\/div>\n  <\/section>\n<\/div>\n\n<div style=\"padding-top:var(--wp--preset--spacing--60);padding-bottom:var(--wp--preset--spacing--60);\" class=\"align wp-block-sage-side-item\">\n            \n      <section data-layout=\"image_right\">\n        <div class=\"container mx-auto\">\n          <div class=\"flex flex-col md:flex-row md:gap-8\">\n            <div class=\"md:w-1\/2 w-full order-2 mt-3 md:mt-0 side-item-image-classic md:order-2 mb-8 md:mb-0\">\n                              <img loading=\"lazy\" decoding=\"async\" width=\"681\" height=\"415\" src=\"https:\/\/cgh-group.com\/wp-content\/uploads\/2025\/11\/szkic-posadowienia.jpeg\" class=\"w-full object-contain\" alt=\"\" srcset=\"https:\/\/cgh-group.com\/wp-content\/uploads\/2025\/11\/szkic-posadowienia.jpeg 681w, https:\/\/cgh-group.com\/wp-content\/uploads\/2025\/11\/szkic-posadowienia-300x183.jpeg 300w\" sizes=\"auto, (max-width: 681px) 100vw, 681px\" \/>\n                          <\/div>\n            <div class=\"md:w-1\/2 w-full order-1 mt-3 md:mt-0 md:pb-16 side-item-text-classic md:order-1 mb-8 md:mb-0\">\n              <div class=\"px-4 md:px-0 w-full\">\n                                  <h2 class=\"text-4xl font-bold mb-7\">Technology that saves time and money!<\/h2>\n                                                  <div class=\"text-base leading-[1.5]\">\n                    <p>Speed Chassis eliminates the risk of installation errors, shortens construction time and increases work safety. With this foundation, the installation process of underground tanks becomes simpler, faster and more cost-effective. <\/p>\n<p><b>If you want to learn more \u2013 contact us and choose innovative solutions! <\/b><\/p>\n<p>&nbsp;<\/p>\n\n                  <\/div>\n                                              <\/div>\n            <\/div>\n          <\/div>\n        <\/div>\n      <\/section>\n      <\/div>\n<div class=\"w-full mt-8 mb-10 md:mt-14 md:mb-19 mx-auto align wp-block-sage-sales-representative\">\n    <div class=\"relative grid grid-cols-1 md:grid-cols-2 bg-gray-100 overflow-hidden font-space-grotesk\">\n                    <div\n                class=\"pointer-events-none absolute inset-0 bg-center bg-cover opacity-60\"\n                style=\"background-image: url('https:\/\/cgh-group.com\/wp-content\/uploads\/2026\/03\/sales-background-scaled.webp');\"\n                aria-hidden=\"true\"\n            ><\/div>\n        \n        <div class=\"relative p-8 md:p-10 flex flex-col justify-center bg-white my-14\">\n            <div class=\"font-semibold mb-8 text-4xl\">\n                Contact our expert\n            <\/div>\n            <h2 class=\"text-2xl font-bold text-black mb-5\">\n                Maciej Kornik\n            <\/h2>\n\n                            <div class=\"font-medium mb-8 text-xl\">\n                    Sales Manager\n                <\/div>\n            \n            <div class=\"text-base mb-8\">\n                \n            <\/div>\n\n            <div class=\"space-y-2 text-xl\">\n                                    <div class=\"flex items-center gap-3\">\n                        <img decoding=\"async\"\n                            src=\"https:\/\/cgh-group.com\/wp-content\/themes\/sage\/public\/build\/assets\/Phone-CW8S0lpi.png\"\n                            alt=\"Phone icon\"\n                            class=\"w-6 h-6\"\n                        >\n                        <a href=\"tel:664\u00a0974849\"\n                           class=\"font-semibold transition-colors\">\n                            664\u00a0974 849\n                        <\/a>\n                    <\/div>\n                \n                                    <div class=\"flex items-center gap-3\">\n                        <img decoding=\"async\"\n                            src=\"https:\/\/cgh-group.com\/wp-content\/themes\/sage\/public\/build\/assets\/EnvelopeSimple-D8GkZTrr.png\"\n                            alt=\"Email icon\"\n                            class=\"w-6 h-6\"\n                        >\n                        <a href=\"mailto:maciej.kornik@cgh.com.pl\"\n                           class=\"text-sm sm:text-base font-semibold transition-colors whitespace-nowrap\">\n                            maciej.kornik@cgh.com.pl\n                        <\/a>\n                    <\/div>\n                            <\/div>\n        <\/div>\n\n        <div class=\"relative h-64 md:h-full\">\n                            <img decoding=\"async\"\n                    src=\"https:\/\/cgh-group.com\/wp-content\/uploads\/2026\/04\/Maciej-Kornik-1-1024x683.png\"\n                    alt=\"Maciej Kornik\"\n                    class=\"w-full h-full object-cover object-top\"\n                >\n                    <\/div>\n    <\/div>\n<\/div>\n\n","protected":false},"featured_media":8199,"parent":5912,"menu_order":0,"template":"","class_list":["post-6309","product","type-product","status-publish","has-post-thumbnail","hentry"],"acf":[],"yoast_head":"<!-- This site is optimized with the Yoast SEO plugin v27.4 - https:\/\/yoast.com\/product\/yoast-seo-wordpress\/ -->\n<title>Speed chassis - CGH Group<\/title>\n<meta name=\"robots\" content=\"index, follow, max-snippet:-1, max-image-preview:large, max-video-preview:-1\" \/>\n<link rel=\"canonical\" href=\"https:\/\/cgh-group.com\/en\/products\/fuel\/anchoring-systems\/speed-chassis\/\" \/>\n<meta property=\"og:locale\" content=\"en_US\" \/>\n<meta property=\"og:type\" content=\"article\" \/>\n<meta property=\"og:title\" content=\"Speed chassis - CGH Group\" \/>\n<meta property=\"og:url\" content=\"https:\/\/cgh-group.com\/en\/products\/fuel\/anchoring-systems\/speed-chassis\/\" \/>\n<meta property=\"og:site_name\" content=\"CGH Group\" \/>\n<meta property=\"article:modified_time\" content=\"2026-04-23T12:55:13+00:00\" \/>\n<meta property=\"og:image\" content=\"https:\/\/cgh-group.com\/wp-content\/uploads\/2025\/11\/Speed-chassis-szybki-fundament-scaled.webp\" \/>\n\t<meta property=\"og:image:width\" content=\"2560\" \/>\n\t<meta property=\"og:image:height\" content=\"1429\" \/>\n\t<meta property=\"og:image:type\" content=\"image\/webp\" \/>\n<meta name=\"twitter:card\" content=\"summary_large_image\" \/>\n<meta name=\"twitter:label1\" content=\"Est. reading time\" \/>\n\t<meta name=\"twitter:data1\" content=\"1 minute\" \/>\n<script type=\"application\/ld+json\" class=\"yoast-schema-graph\">{\"@context\":\"https:\\\/\\\/schema.org\",\"@graph\":[{\"@type\":\"WebPage\",\"@id\":\"https:\\\/\\\/cgh-group.com\\\/en\\\/products\\\/fuel\\\/anchoring-systems\\\/speed-chassis\\\/\",\"url\":\"https:\\\/\\\/cgh-group.com\\\/en\\\/products\\\/fuel\\\/anchoring-systems\\\/speed-chassis\\\/\",\"name\":\"Speed chassis - CGH Group\",\"isPartOf\":{\"@id\":\"https:\\\/\\\/cgh-group.com\\\/#website\"},\"primaryImageOfPage\":{\"@id\":\"https:\\\/\\\/cgh-group.com\\\/en\\\/products\\\/fuel\\\/anchoring-systems\\\/speed-chassis\\\/#primaryimage\"},\"image\":{\"@id\":\"https:\\\/\\\/cgh-group.com\\\/en\\\/products\\\/fuel\\\/anchoring-systems\\\/speed-chassis\\\/#primaryimage\"},\"thumbnailUrl\":\"https:\\\/\\\/cgh-group.com\\\/wp-content\\\/uploads\\\/2025\\\/11\\\/Speed-chassis-szybki-fundament-scaled.webp\",\"datePublished\":\"2025-11-25T07:58:58+00:00\",\"dateModified\":\"2026-04-23T12:55:13+00:00\",\"breadcrumb\":{\"@id\":\"https:\\\/\\\/cgh-group.com\\\/en\\\/products\\\/fuel\\\/anchoring-systems\\\/speed-chassis\\\/#breadcrumb\"},\"inLanguage\":\"en-US\",\"potentialAction\":[{\"@type\":\"ReadAction\",\"target\":[\"https:\\\/\\\/cgh-group.com\\\/en\\\/products\\\/fuel\\\/anchoring-systems\\\/speed-chassis\\\/\"]}]},{\"@type\":\"ImageObject\",\"inLanguage\":\"en-US\",\"@id\":\"https:\\\/\\\/cgh-group.com\\\/en\\\/products\\\/fuel\\\/anchoring-systems\\\/speed-chassis\\\/#primaryimage\",\"url\":\"https:\\\/\\\/cgh-group.com\\\/wp-content\\\/uploads\\\/2025\\\/11\\\/Speed-chassis-szybki-fundament-scaled.webp\",\"contentUrl\":\"https:\\\/\\\/cgh-group.com\\\/wp-content\\\/uploads\\\/2025\\\/11\\\/Speed-chassis-szybki-fundament-scaled.webp\",\"width\":2560,\"height\":1429},{\"@type\":\"BreadcrumbList\",\"@id\":\"https:\\\/\\\/cgh-group.com\\\/en\\\/products\\\/fuel\\\/anchoring-systems\\\/speed-chassis\\\/#breadcrumb\",\"itemListElement\":[{\"@type\":\"ListItem\",\"position\":1,\"name\":\"Home\",\"item\":\"https:\\\/\\\/cgh-group.com\\\/en\\\/\"},{\"@type\":\"ListItem\",\"position\":2,\"name\":\"Fuel\",\"item\":\"https:\\\/\\\/cgh-group.com\\\/en\\\/products\\\/fuel\\\/\"},{\"@type\":\"ListItem\",\"position\":3,\"name\":\"Anchoring systems\",\"item\":\"https:\\\/\\\/cgh-group.com\\\/en\\\/products\\\/fuel\\\/anchoring-systems\\\/\"},{\"@type\":\"ListItem\",\"position\":4,\"name\":\"Speed chassis\"}]},{\"@type\":\"WebSite\",\"@id\":\"https:\\\/\\\/cgh-group.com\\\/#website\",\"url\":\"https:\\\/\\\/cgh-group.com\\\/\",\"name\":\"CGH Group\",\"description\":\"\",\"potentialAction\":[{\"@type\":\"SearchAction\",\"target\":{\"@type\":\"EntryPoint\",\"urlTemplate\":\"https:\\\/\\\/cgh-group.com\\\/?s={search_term_string}\"},\"query-input\":{\"@type\":\"PropertyValueSpecification\",\"valueRequired\":true,\"valueName\":\"search_term_string\"}}],\"inLanguage\":\"en-US\"}]}<\/script>\n<!-- \/ Yoast SEO plugin. -->","yoast_head_json":{"title":"Speed chassis - CGH Group","robots":{"index":"index","follow":"follow","max-snippet":"max-snippet:-1","max-image-preview":"max-image-preview:large","max-video-preview":"max-video-preview:-1"},"canonical":"https:\/\/cgh-group.com\/en\/products\/fuel\/anchoring-systems\/speed-chassis\/","og_locale":"en_US","og_type":"article","og_title":"Speed chassis - CGH Group","og_url":"https:\/\/cgh-group.com\/en\/products\/fuel\/anchoring-systems\/speed-chassis\/","og_site_name":"CGH Group","article_modified_time":"2026-04-23T12:55:13+00:00","og_image":[{"width":2560,"height":1429,"url":"https:\/\/cgh-group.com\/wp-content\/uploads\/2025\/11\/Speed-chassis-szybki-fundament-scaled.webp","type":"image\/webp"}],"twitter_card":"summary_large_image","twitter_misc":{"Est. reading time":"1 minute"},"schema":{"@context":"https:\/\/schema.org","@graph":[{"@type":"WebPage","@id":"https:\/\/cgh-group.com\/en\/products\/fuel\/anchoring-systems\/speed-chassis\/","url":"https:\/\/cgh-group.com\/en\/products\/fuel\/anchoring-systems\/speed-chassis\/","name":"Speed chassis - CGH Group","isPartOf":{"@id":"https:\/\/cgh-group.com\/#website"},"primaryImageOfPage":{"@id":"https:\/\/cgh-group.com\/en\/products\/fuel\/anchoring-systems\/speed-chassis\/#primaryimage"},"image":{"@id":"https:\/\/cgh-group.com\/en\/products\/fuel\/anchoring-systems\/speed-chassis\/#primaryimage"},"thumbnailUrl":"https:\/\/cgh-group.com\/wp-content\/uploads\/2025\/11\/Speed-chassis-szybki-fundament-scaled.webp","datePublished":"2025-11-25T07:58:58+00:00","dateModified":"2026-04-23T12:55:13+00:00","breadcrumb":{"@id":"https:\/\/cgh-group.com\/en\/products\/fuel\/anchoring-systems\/speed-chassis\/#breadcrumb"},"inLanguage":"en-US","potentialAction":[{"@type":"ReadAction","target":["https:\/\/cgh-group.com\/en\/products\/fuel\/anchoring-systems\/speed-chassis\/"]}]},{"@type":"ImageObject","inLanguage":"en-US","@id":"https:\/\/cgh-group.com\/en\/products\/fuel\/anchoring-systems\/speed-chassis\/#primaryimage","url":"https:\/\/cgh-group.com\/wp-content\/uploads\/2025\/11\/Speed-chassis-szybki-fundament-scaled.webp","contentUrl":"https:\/\/cgh-group.com\/wp-content\/uploads\/2025\/11\/Speed-chassis-szybki-fundament-scaled.webp","width":2560,"height":1429},{"@type":"BreadcrumbList","@id":"https:\/\/cgh-group.com\/en\/products\/fuel\/anchoring-systems\/speed-chassis\/#breadcrumb","itemListElement":[{"@type":"ListItem","position":1,"name":"Home","item":"https:\/\/cgh-group.com\/en\/"},{"@type":"ListItem","position":2,"name":"Fuel","item":"https:\/\/cgh-group.com\/en\/products\/fuel\/"},{"@type":"ListItem","position":3,"name":"Anchoring systems","item":"https:\/\/cgh-group.com\/en\/products\/fuel\/anchoring-systems\/"},{"@type":"ListItem","position":4,"name":"Speed chassis"}]},{"@type":"WebSite","@id":"https:\/\/cgh-group.com\/#website","url":"https:\/\/cgh-group.com\/","name":"CGH Group","description":"","potentialAction":[{"@type":"SearchAction","target":{"@type":"EntryPoint","urlTemplate":"https:\/\/cgh-group.com\/?s={search_term_string}"},"query-input":{"@type":"PropertyValueSpecification","valueRequired":true,"valueName":"search_term_string"}}],"inLanguage":"en-US"}]}},"uagb_featured_image_src":{"full":["https:\/\/cgh-group.com\/wp-content\/uploads\/2025\/11\/Speed-chassis-szybki-fundament-scaled.webp",2560,1429,false],"thumbnail":["https:\/\/cgh-group.com\/wp-content\/uploads\/2025\/11\/Speed-chassis-szybki-fundament-150x150.webp",150,150,true],"medium":["https:\/\/cgh-group.com\/wp-content\/uploads\/2025\/11\/Speed-chassis-szybki-fundament-300x167.webp",300,167,true],"medium_large":["https:\/\/cgh-group.com\/wp-content\/uploads\/2025\/11\/Speed-chassis-szybki-fundament-768x429.webp",768,429,true],"large":["https:\/\/cgh-group.com\/wp-content\/uploads\/2025\/11\/Speed-chassis-szybki-fundament-1024x572.webp",1024,572,true],"1536x1536":["https:\/\/cgh-group.com\/wp-content\/uploads\/2025\/11\/Speed-chassis-szybki-fundament-1536x857.webp",1536,857,true],"2048x2048":["https:\/\/cgh-group.com\/wp-content\/uploads\/2025\/11\/Speed-chassis-szybki-fundament-2048x1143.webp",2048,1143,true]},"uagb_author_info":{"display_name":"Robert Chru\u015bci\u0144ski","author_link":"https:\/\/cgh-group.com\/en\/author\/"},"uagb_comment_info":0,"uagb_excerpt":null,"_links":{"self":[{"href":"https:\/\/cgh-group.com\/en\/wp-json\/wp\/v2\/product\/6309","targetHints":{"allow":["GET"]}}],"collection":[{"href":"https:\/\/cgh-group.com\/en\/wp-json\/wp\/v2\/product"}],"about":[{"href":"https:\/\/cgh-group.com\/en\/wp-json\/wp\/v2\/types\/product"}],"up":[{"embeddable":true,"href":"https:\/\/cgh-group.com\/en\/wp-json\/wp\/v2\/product\/5912"}],"wp:featuredmedia":[{"embeddable":true,"href":"https:\/\/cgh-group.com\/en\/wp-json\/wp\/v2\/media\/8199"}],"wp:attachment":[{"href":"https:\/\/cgh-group.com\/en\/wp-json\/wp\/v2\/media?parent=6309"}],"curies":[{"name":"wp","href":"https:\/\/api.w.org\/{rel}","templated":true}]}}