{"id":5945,"date":"2025-11-25T14:43:44","date_gmt":"2025-11-25T13:43:44","guid":{"rendered":"https:\/\/cgh.q.test.ideo.pl\/products\/fuel\/anchoring-systems\/anchoring-straps\/"},"modified":"2026-04-23T14:14:35","modified_gmt":"2026-04-23T12:14:35","slug":"anchoring-straps","status":"publish","type":"product","link":"https:\/\/cgh-group.com\/en\/products\/fuel\/anchoring-systems\/anchoring-straps\/","title":{"rendered":"Anchoring Straps"},"content":{"rendered":"<div class=\"align wp-block-sage-columns-section-with-icon-features\">\n  <section class=\"bg-primary text-neutral-900\">\n    <div class=\"container mx-auto\">\n              <header class=\"p-4 md:p-8\">\n          <h2 class=\"text-3xl md:text-4xl font-bold mb-4\">\n            Why should you choose anchoring straps?\n          <\/h2>\n        <\/header>\n      \n      \n              <div class=\"p-4 pb-10 md:pb-16 md:p-8 grid grid-cols-1 md:grid-cols-3 gap-10 md:gap-12\">\n                      <article class=\"flex flex-col h-full border-t border-neutral-900\/20 pt-10 md:pt-0 md:border-t-0 md:border-l md:border-neutral-900\/20 md:pl-10 first:border-t-0 first:pt-0 md:[&#038;:nth-child(3n+1)]:border-l-0 md:[&#038;:nth-child(3n+1)]:pl-0\">\n                              <div class=\"mb-4\">\n                  <img decoding=\"async\" src=\"https:\/\/cgh-group.com\/wp-content\/uploads\/2025\/11\/shield-check.svg\" class=\"w-10 h-10 mb-4 text-yellow-400\" alt=\"\" \/>\n                <\/div>\n              \n                              <div class=\"text-sm md:text-base text-neutral-900\/80\">\n                  <p><b>Efficiency and safety<\/b><\/p>\n<ul>\n<li>Stable fastening prevents the tank from being lifted by groundwater.<\/li>\n<li>The tank\u2019s insulation layer is protected by rubber pads.<\/li>\n<li>Components are made of galvanized steel, ensuring resistance to corrosion.<\/li>\n<\/ul>\n\n                <\/div>\n                          <\/article>\n                      <article class=\"flex flex-col h-full border-t border-neutral-900\/20 pt-10 md:pt-0 md:border-t-0 md:border-l md:border-neutral-900\/20 md:pl-10 first:border-t-0 first:pt-0 md:[&#038;:nth-child(3n+1)]:border-l-0 md:[&#038;:nth-child(3n+1)]:pl-0\">\n                              <div class=\"mb-4\">\n                  <img decoding=\"async\" src=\"https:\/\/cgh-group.com\/wp-content\/uploads\/2025\/11\/paint-bucket.svg\" class=\"w-10 h-10 mb-4 text-yellow-400\" alt=\"\" \/>\n                <\/div>\n              \n                              <div class=\"text-sm md:text-base text-neutral-900\/80\">\n                  <p><b>Easy installation<\/b><\/p>\n<ul>\n<li>Anchors are installed in the foundation before the tank is placed.<\/li>\n<li>The anchoring kit is delivered to the construction site ahead of the tank.<\/li>\n<li>Quick, precise installation with no need for additional welding work.<\/li>\n<\/ul>\n\n                <\/div>\n                          <\/article>\n                      <article class=\"flex flex-col h-full border-t border-neutral-900\/20 pt-10 md:pt-0 md:border-t-0 md:border-l md:border-neutral-900\/20 md:pl-10 first:border-t-0 first:pt-0 md:[&#038;:nth-child(3n+1)]:border-l-0 md:[&#038;:nth-child(3n+1)]:pl-0\">\n                              <div class=\"mb-4\">\n                  <img decoding=\"async\" src=\"https:\/\/cgh-group.com\/wp-content\/uploads\/2025\/11\/folder-git-2.svg\" class=\"w-10 h-10 mb-4 text-yellow-400\" alt=\"\" \/>\n                <\/div>\n              \n                              <div class=\"text-sm md:text-base text-neutral-900\/80\">\n                  <p><b>Durability and resistance<\/b><\/p>\n<ul>\n<li>The entire system is protected against corrosion through hot-dip galvanization.<\/li>\n<li>Robust construction tailored to tank size and soil conditions.<\/li>\n<li>Number of straps can be adjusted to meet individual project requirements.<\/li>\n<\/ul>\n\n                <\/div>\n                          <\/article>\n                  <\/div>\n          <\/div>\n  <\/section>\n<\/div>\n\n<div class=\"align wp-block-sage-columns-section-with-icon-features-overlay\">\n  <section class=\"relative bg-neutral-700 text-white\">\n    \n    <div class=\"relative container mx-auto\">\n              <header class=\"p-8\">\n          <h2 class=\"text-2xl md:text-3xl lg:text-4xl font-bold text-white\">\n            Proven solution for secure tank installation\n          <\/h2>\n        <\/header>\n      \n              <div class=\"p-8 pt-0 pb-8 text-base text-neutral-100\/90\">\n          <p>CGH anchoring straps are a robust mounting system that ensures long-term stability of underground tanks. Their corrosion-resistant design, tailored to technical requirements, guarantees safe operation across various soil conditions. <\/p>\n<p><b>Contact us to learn more!<\/b><\/p>\n\n        <\/div>\n      \n          <\/div>\n  <\/section>\n<\/div>\n\n<div class=\"align wp-block-sage-product-showcase\">\n  <section class=\"product-showcase container mx-auto mt-8 mb-10 md:mt-14 md:mb-19\">\n    <h2 class=\"text-2xl md:text-3xl font-bold p-8 font-space-grotesk\">Specyfikacja techniczna, czyli najwa\u017cniejsze parametry, kt\u00f3re musisz zna\u0107<\/h2>\n    <div class=\"grid grid-cols-1 gap-8 lg:grid-cols-2 lg:gap-10\">\n      <div>\n        <section\n          class=\"relative w-full flex overflow-hidden aspect-[4\/3]\"\n        >\n          <div class=\"slider flex w-full h-full\">\n            <div class=\"swiper-wrapper\">\n                              <div class=\"swiper-slide\">\n                  <div class=\"absolute inset-0 z-0\">\n                    <img loading=\"lazy\" decoding=\"async\" width=\"350\" height=\"621\" src=\"https:\/\/cgh-group.com\/wp-content\/uploads\/2025\/11\/Opaski-kotwiace-e1765195823496.png\" class=\"w-full h-full object-contain\" alt=\"\" \/>\n                  <\/div>\n                  <div class=\"container mx-auto px-4 flex w-full h-full items-end justify-center pb-6 md:pb-10\">\n                    \n                  <\/div>\n                <\/div>\n                              <div class=\"swiper-slide\">\n                  <div class=\"absolute inset-0 z-0\">\n                    <img loading=\"lazy\" decoding=\"async\" width=\"800\" height=\"600\" src=\"https:\/\/cgh-group.com\/wp-content\/uploads\/2025\/11\/Opaski-kotwiace.jpg\" class=\"w-full h-full object-contain\" alt=\"\" srcset=\"https:\/\/cgh-group.com\/wp-content\/uploads\/2025\/11\/Opaski-kotwiace.jpg 800w, https:\/\/cgh-group.com\/wp-content\/uploads\/2025\/11\/Opaski-kotwiace-300x225.jpg 300w, https:\/\/cgh-group.com\/wp-content\/uploads\/2025\/11\/Opaski-kotwiace-768x576.jpg 768w\" sizes=\"auto, (max-width: 800px) 100vw, 800px\" \/>\n                  <\/div>\n                  <div class=\"container mx-auto px-4 flex w-full h-full items-end justify-center pb-6 md:pb-10\">\n                    \n                  <\/div>\n                <\/div>\n                              <div class=\"swiper-slide\">\n                  <div class=\"absolute inset-0 z-0\">\n                    <img loading=\"lazy\" decoding=\"async\" width=\"454\" height=\"422\" src=\"https:\/\/cgh-group.com\/wp-content\/uploads\/2025\/11\/Kotwa.png\" class=\"w-full h-full object-contain\" alt=\"\" srcset=\"https:\/\/cgh-group.com\/wp-content\/uploads\/2025\/11\/Kotwa.png 454w, https:\/\/cgh-group.com\/wp-content\/uploads\/2025\/11\/Kotwa-300x279.png 300w\" sizes=\"auto, (max-width: 454px) 100vw, 454px\" \/>\n                  <\/div>\n                  <div class=\"container mx-auto px-4 flex w-full h-full items-end justify-center pb-6 md:pb-10\">\n                    \n                  <\/div>\n                <\/div>\n                          <\/div>\n\n                          <div class=\"swiper-pagination absolute bottom-8 flex justify-center space-x-2 z-10 left-0 right-0\"><\/div>\n                      <\/div>\n        <\/section>\n\n              <\/div>\n\n      <div class=\"font-space-grotesk\">\n        <div class=\"acf-innerblocks-container\">\n\n<p><strong>The anchoring system includes:<\/strong><\/p>\n\n\n\n<ul class=\"wp-block-list\">\n<li>Steel clamping strap of the anchoring system<\/li>\n\n\n\n<li>Rubber spacer<\/li>\n\n\n\n<li>M24 threaded rod<\/li>\n\n\n\n<li>Anchor plate with a hole for the threaded rod<\/li>\n\n\n\n<li>Nuts and washers<\/li>\n<\/ul>\n\n\n\n<p><strong>Installation guidelines:<\/strong><\/p>\n\n\n\n<ul class=\"wp-block-list\">\n<li>Use a bitumen-based (or equivalent) insulating layer min. 10 mm thick between the tank and the foundation. <\/li>\n\n\n\n<li>Use the supplied rubber spacer between the strap and the tank.<\/li>\n<\/ul>\n\n\n\n<p><strong>Assumptions for structural calculations:<\/strong><\/p>\n\n\n\n<ul class=\"wp-block-list\">\n<li>Groundwater level equal to ground level<\/li>\n\n\n\n<li>Safety factor for buoyancy: 1.3<\/li>\n\n\n\n<li>Soil density: 18 kN\/m\u00b3<\/li>\n\n\n\n<li>Concrete density B20: 22 kN\/m\u00b3<\/li>\n\n\n\n<li>Minimum burial depth of the tank: 800 mm<\/li>\n<\/ul>\n\n\n\n<p>Note: These assumptions do not replace the requirement to perform individual foundation and buoyancy calculations based on local soil conditions.<\/p>\n\n<\/div>\n      <\/div>\n    <\/div>\n  <\/section>\n<\/div>\n\n<div class=\"w-full mt-8 mb-10 md:mt-14 md:mb-19 mx-auto align wp-block-sage-sales-representative\">\n    <div class=\"relative grid grid-cols-1 md:grid-cols-2 bg-gray-100 overflow-hidden font-space-grotesk\">\n                    <div\n                class=\"pointer-events-none absolute inset-0 bg-center bg-cover opacity-60\"\n                style=\"background-image: url('https:\/\/cgh-group.com\/wp-content\/uploads\/2026\/03\/sales-background-scaled.webp');\"\n                aria-hidden=\"true\"\n            ><\/div>\n        \n        <div class=\"relative p-8 md:p-10 flex flex-col justify-center bg-white my-14\">\n            <div class=\"font-semibold mb-8 text-4xl\">\n                Contact our expert\n            <\/div>\n            <h2 class=\"text-2xl font-bold text-black mb-5\">\n                Maciej Kornik\n            <\/h2>\n\n                            <div class=\"font-medium mb-8 text-xl\">\n                    Sales Manager\n                <\/div>\n            \n            <div class=\"text-base mb-8\">\n                \n            <\/div>\n\n            <div class=\"space-y-2 text-xl\">\n                                    <div class=\"flex items-center gap-3\">\n                        <img decoding=\"async\"\n                            src=\"https:\/\/cgh-group.com\/wp-content\/themes\/sage\/public\/build\/assets\/Phone-CW8S0lpi.png\"\n                            alt=\"Phone icon\"\n                            class=\"w-6 h-6\"\n                        >\n                        <a href=\"tel:664\u00a0974849\"\n                           class=\"font-semibold transition-colors\">\n                            664\u00a0974 849\n                        <\/a>\n                    <\/div>\n                \n                                    <div class=\"flex items-center gap-3\">\n                        <img decoding=\"async\"\n                            src=\"https:\/\/cgh-group.com\/wp-content\/themes\/sage\/public\/build\/assets\/EnvelopeSimple-D8GkZTrr.png\"\n                            alt=\"Email icon\"\n                            class=\"w-6 h-6\"\n                        >\n                        <a href=\"mailto:maciej.kornik@cgh.com.pl\"\n                           class=\"text-sm sm:text-base font-semibold transition-colors whitespace-nowrap\">\n                            maciej.kornik@cgh.com.pl\n                        <\/a>\n                    <\/div>\n                            <\/div>\n        <\/div>\n\n        <div class=\"relative h-64 md:h-full\">\n                            <img decoding=\"async\"\n                    src=\"https:\/\/cgh-group.com\/wp-content\/uploads\/2026\/04\/Maciej-Kornik-1-1024x683.png\"\n                    alt=\"Maciej Kornik\"\n                    class=\"w-full h-full object-cover object-top\"\n                >\n                    <\/div>\n    <\/div>\n<\/div>\n\n","protected":false},"featured_media":8221,"parent":5912,"menu_order":0,"template":"","class_list":["post-5945","product","type-product","status-publish","has-post-thumbnail","hentry"],"acf":[],"yoast_head":"<!-- This site is optimized with the Yoast SEO plugin v27.4 - https:\/\/yoast.com\/product\/yoast-seo-wordpress\/ -->\n<title>Anchoring Straps - CGH Group<\/title>\n<meta name=\"robots\" content=\"index, follow, max-snippet:-1, max-image-preview:large, max-video-preview:-1\" \/>\n<link rel=\"canonical\" href=\"https:\/\/cgh-group.com\/en\/products\/fuel\/anchoring-systems\/anchoring-straps\/\" \/>\n<meta property=\"og:locale\" content=\"en_US\" \/>\n<meta property=\"og:type\" content=\"article\" \/>\n<meta property=\"og:title\" content=\"Anchoring Straps - CGH Group\" \/>\n<meta property=\"og:url\" content=\"https:\/\/cgh-group.com\/en\/products\/fuel\/anchoring-systems\/anchoring-straps\/\" \/>\n<meta property=\"og:site_name\" content=\"CGH Group\" \/>\n<meta property=\"article:modified_time\" content=\"2026-04-23T12:14:35+00:00\" \/>\n<meta property=\"og:image\" content=\"https:\/\/cgh-group.com\/wp-content\/uploads\/2025\/11\/opaskikotwiace.webp\" \/>\n\t<meta property=\"og:image:width\" content=\"2560\" \/>\n\t<meta property=\"og:image:height\" content=\"1440\" \/>\n\t<meta property=\"og:image:type\" content=\"image\/webp\" \/>\n<meta name=\"twitter:card\" content=\"summary_large_image\" \/>\n<meta name=\"twitter:label1\" content=\"Est. reading time\" \/>\n\t<meta name=\"twitter:data1\" content=\"1 minute\" \/>\n<script type=\"application\/ld+json\" class=\"yoast-schema-graph\">{\"@context\":\"https:\\\/\\\/schema.org\",\"@graph\":[{\"@type\":\"WebPage\",\"@id\":\"https:\\\/\\\/cgh-group.com\\\/en\\\/products\\\/fuel\\\/anchoring-systems\\\/anchoring-straps\\\/\",\"url\":\"https:\\\/\\\/cgh-group.com\\\/en\\\/products\\\/fuel\\\/anchoring-systems\\\/anchoring-straps\\\/\",\"name\":\"Anchoring Straps - CGH Group\",\"isPartOf\":{\"@id\":\"https:\\\/\\\/cgh-group.com\\\/#website\"},\"primaryImageOfPage\":{\"@id\":\"https:\\\/\\\/cgh-group.com\\\/en\\\/products\\\/fuel\\\/anchoring-systems\\\/anchoring-straps\\\/#primaryimage\"},\"image\":{\"@id\":\"https:\\\/\\\/cgh-group.com\\\/en\\\/products\\\/fuel\\\/anchoring-systems\\\/anchoring-straps\\\/#primaryimage\"},\"thumbnailUrl\":\"https:\\\/\\\/cgh-group.com\\\/wp-content\\\/uploads\\\/2025\\\/11\\\/opaskikotwiace.webp\",\"datePublished\":\"2025-11-25T13:43:44+00:00\",\"dateModified\":\"2026-04-23T12:14:35+00:00\",\"breadcrumb\":{\"@id\":\"https:\\\/\\\/cgh-group.com\\\/en\\\/products\\\/fuel\\\/anchoring-systems\\\/anchoring-straps\\\/#breadcrumb\"},\"inLanguage\":\"en-US\",\"potentialAction\":[{\"@type\":\"ReadAction\",\"target\":[\"https:\\\/\\\/cgh-group.com\\\/en\\\/products\\\/fuel\\\/anchoring-systems\\\/anchoring-straps\\\/\"]}]},{\"@type\":\"ImageObject\",\"inLanguage\":\"en-US\",\"@id\":\"https:\\\/\\\/cgh-group.com\\\/en\\\/products\\\/fuel\\\/anchoring-systems\\\/anchoring-straps\\\/#primaryimage\",\"url\":\"https:\\\/\\\/cgh-group.com\\\/wp-content\\\/uploads\\\/2025\\\/11\\\/opaskikotwiace.webp\",\"contentUrl\":\"https:\\\/\\\/cgh-group.com\\\/wp-content\\\/uploads\\\/2025\\\/11\\\/opaskikotwiace.webp\",\"width\":2560,\"height\":1440},{\"@type\":\"BreadcrumbList\",\"@id\":\"https:\\\/\\\/cgh-group.com\\\/en\\\/products\\\/fuel\\\/anchoring-systems\\\/anchoring-straps\\\/#breadcrumb\",\"itemListElement\":[{\"@type\":\"ListItem\",\"position\":1,\"name\":\"Home\",\"item\":\"https:\\\/\\\/cgh-group.com\\\/en\\\/\"},{\"@type\":\"ListItem\",\"position\":2,\"name\":\"Fuel\",\"item\":\"https:\\\/\\\/cgh-group.com\\\/en\\\/products\\\/fuel\\\/\"},{\"@type\":\"ListItem\",\"position\":3,\"name\":\"Anchoring systems\",\"item\":\"https:\\\/\\\/cgh-group.com\\\/en\\\/products\\\/fuel\\\/anchoring-systems\\\/\"},{\"@type\":\"ListItem\",\"position\":4,\"name\":\"Anchoring Straps\"}]},{\"@type\":\"WebSite\",\"@id\":\"https:\\\/\\\/cgh-group.com\\\/#website\",\"url\":\"https:\\\/\\\/cgh-group.com\\\/\",\"name\":\"CGH Group\",\"description\":\"\",\"potentialAction\":[{\"@type\":\"SearchAction\",\"target\":{\"@type\":\"EntryPoint\",\"urlTemplate\":\"https:\\\/\\\/cgh-group.com\\\/?s={search_term_string}\"},\"query-input\":{\"@type\":\"PropertyValueSpecification\",\"valueRequired\":true,\"valueName\":\"search_term_string\"}}],\"inLanguage\":\"en-US\"}]}<\/script>\n<!-- \/ Yoast SEO plugin. -->","yoast_head_json":{"title":"Anchoring Straps - CGH Group","robots":{"index":"index","follow":"follow","max-snippet":"max-snippet:-1","max-image-preview":"max-image-preview:large","max-video-preview":"max-video-preview:-1"},"canonical":"https:\/\/cgh-group.com\/en\/products\/fuel\/anchoring-systems\/anchoring-straps\/","og_locale":"en_US","og_type":"article","og_title":"Anchoring Straps - CGH Group","og_url":"https:\/\/cgh-group.com\/en\/products\/fuel\/anchoring-systems\/anchoring-straps\/","og_site_name":"CGH Group","article_modified_time":"2026-04-23T12:14:35+00:00","og_image":[{"width":2560,"height":1440,"url":"https:\/\/cgh-group.com\/wp-content\/uploads\/2025\/11\/opaskikotwiace.webp","type":"image\/webp"}],"twitter_card":"summary_large_image","twitter_misc":{"Est. reading time":"1 minute"},"schema":{"@context":"https:\/\/schema.org","@graph":[{"@type":"WebPage","@id":"https:\/\/cgh-group.com\/en\/products\/fuel\/anchoring-systems\/anchoring-straps\/","url":"https:\/\/cgh-group.com\/en\/products\/fuel\/anchoring-systems\/anchoring-straps\/","name":"Anchoring Straps - CGH Group","isPartOf":{"@id":"https:\/\/cgh-group.com\/#website"},"primaryImageOfPage":{"@id":"https:\/\/cgh-group.com\/en\/products\/fuel\/anchoring-systems\/anchoring-straps\/#primaryimage"},"image":{"@id":"https:\/\/cgh-group.com\/en\/products\/fuel\/anchoring-systems\/anchoring-straps\/#primaryimage"},"thumbnailUrl":"https:\/\/cgh-group.com\/wp-content\/uploads\/2025\/11\/opaskikotwiace.webp","datePublished":"2025-11-25T13:43:44+00:00","dateModified":"2026-04-23T12:14:35+00:00","breadcrumb":{"@id":"https:\/\/cgh-group.com\/en\/products\/fuel\/anchoring-systems\/anchoring-straps\/#breadcrumb"},"inLanguage":"en-US","potentialAction":[{"@type":"ReadAction","target":["https:\/\/cgh-group.com\/en\/products\/fuel\/anchoring-systems\/anchoring-straps\/"]}]},{"@type":"ImageObject","inLanguage":"en-US","@id":"https:\/\/cgh-group.com\/en\/products\/fuel\/anchoring-systems\/anchoring-straps\/#primaryimage","url":"https:\/\/cgh-group.com\/wp-content\/uploads\/2025\/11\/opaskikotwiace.webp","contentUrl":"https:\/\/cgh-group.com\/wp-content\/uploads\/2025\/11\/opaskikotwiace.webp","width":2560,"height":1440},{"@type":"BreadcrumbList","@id":"https:\/\/cgh-group.com\/en\/products\/fuel\/anchoring-systems\/anchoring-straps\/#breadcrumb","itemListElement":[{"@type":"ListItem","position":1,"name":"Home","item":"https:\/\/cgh-group.com\/en\/"},{"@type":"ListItem","position":2,"name":"Fuel","item":"https:\/\/cgh-group.com\/en\/products\/fuel\/"},{"@type":"ListItem","position":3,"name":"Anchoring systems","item":"https:\/\/cgh-group.com\/en\/products\/fuel\/anchoring-systems\/"},{"@type":"ListItem","position":4,"name":"Anchoring Straps"}]},{"@type":"WebSite","@id":"https:\/\/cgh-group.com\/#website","url":"https:\/\/cgh-group.com\/","name":"CGH Group","description":"","potentialAction":[{"@type":"SearchAction","target":{"@type":"EntryPoint","urlTemplate":"https:\/\/cgh-group.com\/?s={search_term_string}"},"query-input":{"@type":"PropertyValueSpecification","valueRequired":true,"valueName":"search_term_string"}}],"inLanguage":"en-US"}]}},"uagb_featured_image_src":{"full":["https:\/\/cgh-group.com\/wp-content\/uploads\/2025\/11\/opaskikotwiace.webp",2560,1440,false],"thumbnail":["https:\/\/cgh-group.com\/wp-content\/uploads\/2025\/11\/opaskikotwiace-150x150.webp",150,150,true],"medium":["https:\/\/cgh-group.com\/wp-content\/uploads\/2025\/11\/opaskikotwiace-300x169.webp",300,169,true],"medium_large":["https:\/\/cgh-group.com\/wp-content\/uploads\/2025\/11\/opaskikotwiace-768x432.webp",768,432,true],"large":["https:\/\/cgh-group.com\/wp-content\/uploads\/2025\/11\/opaskikotwiace-1024x576.webp",1024,576,true],"1536x1536":["https:\/\/cgh-group.com\/wp-content\/uploads\/2025\/11\/opaskikotwiace-1536x864.webp",1536,864,true],"2048x2048":["https:\/\/cgh-group.com\/wp-content\/uploads\/2025\/11\/opaskikotwiace-2048x1152.webp",2048,1152,true]},"uagb_author_info":{"display_name":"Robert Chru\u015bci\u0144ski","author_link":"https:\/\/cgh-group.com\/en\/author\/"},"uagb_comment_info":0,"uagb_excerpt":null,"_links":{"self":[{"href":"https:\/\/cgh-group.com\/en\/wp-json\/wp\/v2\/product\/5945","targetHints":{"allow":["GET"]}}],"collection":[{"href":"https:\/\/cgh-group.com\/en\/wp-json\/wp\/v2\/product"}],"about":[{"href":"https:\/\/cgh-group.com\/en\/wp-json\/wp\/v2\/types\/product"}],"up":[{"embeddable":true,"href":"https:\/\/cgh-group.com\/en\/wp-json\/wp\/v2\/product\/5912"}],"wp:featuredmedia":[{"embeddable":true,"href":"https:\/\/cgh-group.com\/en\/wp-json\/wp\/v2\/media\/8221"}],"wp:attachment":[{"href":"https:\/\/cgh-group.com\/en\/wp-json\/wp\/v2\/media?parent=5945"}],"curies":[{"name":"wp","href":"https:\/\/api.w.org\/{rel}","templated":true}]}}