{"id":5913,"date":"2025-11-25T14:50:52","date_gmt":"2025-11-25T13:50:52","guid":{"rendered":"https:\/\/cgh.q.test.ideo.pl\/products\/fuel\/anchoring-systems\/anchoring-with-reinforced-concrete-beams\/"},"modified":"2026-04-23T14:53:35","modified_gmt":"2026-04-23T12:53:35","slug":"anchoring-with-reinforced-concrete-beams","status":"publish","type":"product","link":"https:\/\/cgh-group.com\/en\/products\/fuel\/anchoring-systems\/anchoring-with-reinforced-concrete-beams\/","title":{"rendered":"ANCHORING WITH REINFORCED CONCRETE BEAMS"},"content":{"rendered":"<div class=\"align wp-block-sage-columns-section-with-icon-features\">\n  <section class=\"bg-primary text-neutral-900\">\n    <div class=\"container mx-auto\">\n              <header class=\"p-4 md:p-8\">\n          <h2 class=\"text-3xl md:text-4xl font-bold mb-4\">\n            Why choose the reinforced concrete beam system \u201cBEAMS\u201d?\n          <\/h2>\n        <\/header>\n      \n      \n              <div class=\"p-4 pb-10 md:pb-16 md:p-8 grid grid-cols-1 md:grid-cols-3 gap-10 md:gap-12\">\n                      <article class=\"flex flex-col h-full border-t border-neutral-900\/20 pt-10 md:pt-0 md:border-t-0 md:border-l md:border-neutral-900\/20 md:pl-10 first:border-t-0 first:pt-0 md:[&#038;:nth-child(3n+1)]:border-l-0 md:[&#038;:nth-child(3n+1)]:pl-0\">\n                              <div class=\"mb-4\">\n                  <img decoding=\"async\" src=\"https:\/\/cgh-group.com\/wp-content\/uploads\/2025\/11\/shield-check.svg\" class=\"w-10 h-10 mb-4 text-yellow-400\" alt=\"\" \/>\n                <\/div>\n              \n                              <div class=\"text-sm md:text-base text-neutral-900\/80\">\n                  <p><b>Efficiency and cost savings<\/b><\/p>\n<ul>\n<li>Anchoring tanks without the need for a poured concrete foundation<\/li>\n<li>Ability to place the tank on native soil or a bedding layer<\/li>\n<li>Reduced installation time compared to traditional anchoring methods<\/li>\n<\/ul>\n\n                <\/div>\n                          <\/article>\n                      <article class=\"flex flex-col h-full border-t border-neutral-900\/20 pt-10 md:pt-0 md:border-t-0 md:border-l md:border-neutral-900\/20 md:pl-10 first:border-t-0 first:pt-0 md:[&#038;:nth-child(3n+1)]:border-l-0 md:[&#038;:nth-child(3n+1)]:pl-0\">\n                              <div class=\"mb-4\">\n                  <img decoding=\"async\" src=\"https:\/\/cgh-group.com\/wp-content\/uploads\/2025\/11\/paint-bucket.svg\" class=\"w-10 h-10 mb-4 text-yellow-400\" alt=\"\" \/>\n                <\/div>\n              \n                              <div class=\"text-sm md:text-base text-neutral-900\/80\">\n                  <p><b>Easy and fast installation<\/b><\/p>\n<ul>\n<li>The anchoring system is delivered to the construction site together with the tank<\/li>\n<li>No need to use heavy machinery to install the beams<\/li>\n<li>Prefabricated elements ensure fast and precise installation<\/li>\n<\/ul>\n\n                <\/div>\n                          <\/article>\n                      <article class=\"flex flex-col h-full border-t border-neutral-900\/20 pt-10 md:pt-0 md:border-t-0 md:border-l md:border-neutral-900\/20 md:pl-10 first:border-t-0 first:pt-0 md:[&#038;:nth-child(3n+1)]:border-l-0 md:[&#038;:nth-child(3n+1)]:pl-0\">\n                              <div class=\"mb-4\">\n                  <img decoding=\"async\" src=\"https:\/\/cgh-group.com\/wp-content\/uploads\/2025\/11\/folder-git-2.svg\" class=\"w-10 h-10 mb-4 text-yellow-400\" alt=\"\" \/>\n                <\/div>\n              \n                              <div class=\"text-sm md:text-base text-neutral-900\/80\">\n                  <p><b>Durability and reliability<\/b><\/p>\n<ul>\n<li>Reinforced concrete beams provide stable support for the tank<\/li>\n<li>Soil cover resting on the beams acts as additional stabilising weight<\/li>\n<li>Steel anchoring components made from corrosion-resistant, long-lasting materials<\/li>\n<\/ul>\n\n                <\/div>\n                          <\/article>\n                  <\/div>\n          <\/div>\n  <\/section>\n<\/div>\n\n<div class=\"align wp-block-sage-columns-section-with-icon-features-overlay\">\n  <section class=\"relative bg-neutral-700 text-white\">\n    \n    <div class=\"relative container mx-auto\">\n              <header class=\"p-8\">\n          <h2 class=\"text-2xl md:text-3xl lg:text-4xl font-bold text-white\">\n            Anchoring must be carried out in a way that ensures stability in all soil conditions\n          <\/h2>\n        <\/header>\n      \n      \n              <div class=\"grid grid-cols-1 md:grid-cols-2 pb-8\">\n                      <article class=\"flex flex-col mb-8 pb-0 p-8 md:flex-row lg:flex-col md:items-start gap-4 border-t border-white\/20 md:border-t-0 md:border-l md:[&#038;:nth-child(2n+1)]:border-l-0\">\n                              <div class=\"shrink-0\" style=\"filter: brightness(0) invert(1);\">\n                  <img decoding=\"async\" src=\"https:\/\/cgh-group.com\/wp-content\/uploads\/2025\/11\/droplet-off.svg\" class=\"w-10 h-10 mb-4 text-yellow-400\" alt=\"\" \/>\n                <\/div>\n              \n                              <div class=\"text-sm md:text-base text-neutral-100\/90\">\n                  <p>Anchoring underground tanks<\/p>\n\n                <\/div>\n                          <\/article>\n                      <article class=\"flex flex-col mb-8 pb-0 p-8 md:flex-row lg:flex-col md:items-start gap-4 border-t border-white\/20 md:border-t-0 md:border-l md:[&#038;:nth-child(2n+1)]:border-l-0\">\n                              <div class=\"shrink-0\" style=\"filter: brightness(0) invert(1);\">\n                  <img decoding=\"async\" src=\"https:\/\/cgh-group.com\/wp-content\/uploads\/2025\/11\/thermometer-sun.svg\" class=\"w-10 h-10 mb-4 text-yellow-400\" alt=\"\" \/>\n                <\/div>\n              \n                              <div class=\"text-sm md:text-base text-neutral-100\/90\">\n                  <p>System BEAMS \u0142\u0105czy w sobie prostot\u0119 instalacji, oszcz\u0119dno\u015b\u0107 czasu i skuteczno\u015b\u0107 w dzia\u0142aniu.<\/p>\n\n                <\/div>\n                          <\/article>\n                  <\/div>\n          <\/div>\n  <\/section>\n<\/div>\n\n<div class=\"align wp-block-sage-product-showcase\">\n  <section class=\"product-showcase container mx-auto mt-8 mb-10 md:mt-14 md:mb-19\">\n    <h2 class=\"text-2xl md:text-3xl font-bold p-8 font-space-grotesk\">Specyfikacja techniczna, czyli najwa\u017cniejsze parametry, kt\u00f3re musisz zna\u0107<\/h2>\n    <div class=\"grid grid-cols-1 gap-8 lg:grid-cols-2 lg:gap-10\">\n      <div>\n        <section\n          class=\"relative w-full flex overflow-hidden aspect-[4\/3]\"\n        >\n          <div class=\"slider flex w-full h-full\">\n            <div class=\"swiper-wrapper\">\n                              <div class=\"swiper-slide\">\n                  <div class=\"absolute inset-0 z-0\">\n                    <img loading=\"lazy\" decoding=\"async\" width=\"522\" height=\"402\" src=\"https:\/\/cgh-group.com\/wp-content\/uploads\/2025\/11\/kotwienie-za-pomoca-belek-zelbetowych-2.jpg\" class=\"w-full h-full object-contain\" alt=\"\" srcset=\"https:\/\/cgh-group.com\/wp-content\/uploads\/2025\/11\/kotwienie-za-pomoca-belek-zelbetowych-2.jpg 522w, https:\/\/cgh-group.com\/wp-content\/uploads\/2025\/11\/kotwienie-za-pomoca-belek-zelbetowych-2-300x231.jpg 300w\" sizes=\"auto, (max-width: 522px) 100vw, 522px\" \/>\n                  <\/div>\n                  <div class=\"container mx-auto px-4 flex w-full h-full items-end justify-center pb-6 md:pb-10\">\n                    \n                  <\/div>\n                <\/div>\n                              <div class=\"swiper-slide\">\n                  <div class=\"absolute inset-0 z-0\">\n                    <img loading=\"lazy\" decoding=\"async\" width=\"800\" height=\"600\" src=\"https:\/\/cgh-group.com\/wp-content\/uploads\/2025\/11\/kotwienie-za-pomoca-belek-zelbetowych-3.jpg\" class=\"w-full h-full object-contain\" alt=\"\" srcset=\"https:\/\/cgh-group.com\/wp-content\/uploads\/2025\/11\/kotwienie-za-pomoca-belek-zelbetowych-3.jpg 800w, https:\/\/cgh-group.com\/wp-content\/uploads\/2025\/11\/kotwienie-za-pomoca-belek-zelbetowych-3-300x225.jpg 300w, https:\/\/cgh-group.com\/wp-content\/uploads\/2025\/11\/kotwienie-za-pomoca-belek-zelbetowych-3-768x576.jpg 768w\" sizes=\"auto, (max-width: 800px) 100vw, 800px\" \/>\n                  <\/div>\n                  <div class=\"container mx-auto px-4 flex w-full h-full items-end justify-center pb-6 md:pb-10\">\n                    \n                  <\/div>\n                <\/div>\n                              <div class=\"swiper-slide\">\n                  <div class=\"absolute inset-0 z-0\">\n                    <img loading=\"lazy\" decoding=\"async\" width=\"450\" height=\"337\" src=\"https:\/\/cgh-group.com\/wp-content\/uploads\/2025\/11\/kotwienie-za-pomoca-belek-zelbetowych-1.jpg\" class=\"w-full h-full object-contain\" alt=\"\" srcset=\"https:\/\/cgh-group.com\/wp-content\/uploads\/2025\/11\/kotwienie-za-pomoca-belek-zelbetowych-1.jpg 450w, https:\/\/cgh-group.com\/wp-content\/uploads\/2025\/11\/kotwienie-za-pomoca-belek-zelbetowych-1-300x225.jpg 300w\" sizes=\"auto, (max-width: 450px) 100vw, 450px\" \/>\n                  <\/div>\n                  <div class=\"container mx-auto px-4 flex w-full h-full items-end justify-center pb-6 md:pb-10\">\n                    \n                  <\/div>\n                <\/div>\n                              <div class=\"swiper-slide\">\n                  <div class=\"absolute inset-0 z-0\">\n                    <img loading=\"lazy\" decoding=\"async\" width=\"600\" height=\"800\" src=\"https:\/\/cgh-group.com\/wp-content\/uploads\/2025\/11\/kotwienie-za-pomoca-belek-zelbetowych-4.jpg\" class=\"w-full h-full object-contain\" alt=\"\" srcset=\"https:\/\/cgh-group.com\/wp-content\/uploads\/2025\/11\/kotwienie-za-pomoca-belek-zelbetowych-4.jpg 600w, https:\/\/cgh-group.com\/wp-content\/uploads\/2025\/11\/kotwienie-za-pomoca-belek-zelbetowych-4-225x300.jpg 225w\" sizes=\"auto, (max-width: 600px) 100vw, 600px\" \/>\n                  <\/div>\n                  <div class=\"container mx-auto px-4 flex w-full h-full items-end justify-center pb-6 md:pb-10\">\n                    \n                  <\/div>\n                <\/div>\n                              <div class=\"swiper-slide\">\n                  <div class=\"absolute inset-0 z-0\">\n                    <img loading=\"lazy\" decoding=\"async\" width=\"600\" height=\"800\" src=\"https:\/\/cgh-group.com\/wp-content\/uploads\/2025\/11\/kotwienie-za-pomoca-belek-zelbetowych-5.jpg\" class=\"w-full h-full object-contain\" alt=\"\" srcset=\"https:\/\/cgh-group.com\/wp-content\/uploads\/2025\/11\/kotwienie-za-pomoca-belek-zelbetowych-5.jpg 600w, https:\/\/cgh-group.com\/wp-content\/uploads\/2025\/11\/kotwienie-za-pomoca-belek-zelbetowych-5-225x300.jpg 225w\" sizes=\"auto, (max-width: 600px) 100vw, 600px\" \/>\n                  <\/div>\n                  <div class=\"container mx-auto px-4 flex w-full h-full items-end justify-center pb-6 md:pb-10\">\n                    \n                  <\/div>\n                <\/div>\n                          <\/div>\n\n                          <div class=\"swiper-pagination absolute bottom-8 flex justify-center space-x-2 z-10 left-0 right-0\"><\/div>\n                      <\/div>\n        <\/section>\n\n              <\/div>\n\n      <div class=\"font-space-grotesk\">\n        <div class=\"acf-innerblocks-container\">\n\n<p>Components of the anchoring system:<\/p>\n\n\n\n<ul class=\"wp-block-list\">\n<li>Reinforced concrete beam \u2013 minimum dimensions: 300 \u00d7 300 \u00d7 4000 mm<\/li>\n\n\n\n<li>Steel beam strap \u2013 stabilises the beam in the installation area<\/li>\n\n\n\n<li>Threaded rod \u2013 connecting component of the anchoring system<\/li>\n\n\n\n<li>Steel tank strap \u2013 ensures the tank is securely fastened to the anchoring system<\/li>\n\n\n\n<li>Pin with cotter or bolt \u2013 connects the threaded rod with the beam strap<\/li>\n\n\n\n<li>Strap connection clamp \u2013 enables durable fastening of all anchoring components<\/li>\n<\/ul>\n\n\n\n<p>Installation guidelines:<\/p>\n\n\n\n<ul class=\"wp-block-list\">\n<li>Anchoring must be carried out in a way that ensures stability in all soil conditions<\/li>\n\n\n\n<li>Concrete beams placed symmetrically on both sides of the tank<\/li>\n\n\n\n<li>Beam length should match or exceed the length of the tank<\/li>\n<\/ul>\n\n<\/div>\n      <\/div>\n    <\/div>\n  <\/section>\n<\/div>\n\n<div class=\"w-full mt-8 mb-10 md:mt-14 md:mb-19 mx-auto align wp-block-sage-sales-representative\">\n    <div class=\"relative grid grid-cols-1 md:grid-cols-2 bg-gray-100 overflow-hidden font-space-grotesk\">\n                    <div\n                class=\"pointer-events-none absolute inset-0 bg-center bg-cover opacity-60\"\n                style=\"background-image: url('https:\/\/cgh-group.com\/wp-content\/uploads\/2026\/03\/sales-background-scaled.webp');\"\n                aria-hidden=\"true\"\n            ><\/div>\n        \n        <div class=\"relative p-8 md:p-10 flex flex-col justify-center bg-white my-14\">\n            <div class=\"font-semibold mb-8 text-4xl\">\n                Contact our expert\n            <\/div>\n            <h2 class=\"text-2xl font-bold text-black mb-5\">\n                Maciej Kornik\n            <\/h2>\n\n                            <div class=\"font-medium mb-8 text-xl\">\n                    Sales Manager\n                <\/div>\n            \n            <div class=\"text-base mb-8\">\n                \n            <\/div>\n\n            <div class=\"space-y-2 text-xl\">\n                                    <div class=\"flex items-center gap-3\">\n                        <img decoding=\"async\"\n                            src=\"https:\/\/cgh-group.com\/wp-content\/themes\/sage\/public\/build\/assets\/Phone-CW8S0lpi.png\"\n                            alt=\"Phone icon\"\n                            class=\"w-6 h-6\"\n                        >\n                        <a href=\"tel:664\u00a0974849\"\n                           class=\"font-semibold transition-colors\">\n                            664\u00a0974 849\n                        <\/a>\n                    <\/div>\n                \n                                    <div class=\"flex items-center gap-3\">\n                        <img decoding=\"async\"\n                            src=\"https:\/\/cgh-group.com\/wp-content\/themes\/sage\/public\/build\/assets\/EnvelopeSimple-D8GkZTrr.png\"\n                            alt=\"Email icon\"\n                            class=\"w-6 h-6\"\n                        >\n                        <a href=\"mailto:maciej.kornik@cgh.com.pl\"\n                           class=\"text-sm sm:text-base font-semibold transition-colors whitespace-nowrap\">\n                            maciej.kornik@cgh.com.pl\n                        <\/a>\n                    <\/div>\n                            <\/div>\n        <\/div>\n\n        <div class=\"relative h-64 md:h-full\">\n                            <img decoding=\"async\"\n                    src=\"https:\/\/cgh-group.com\/wp-content\/uploads\/2026\/04\/Maciej-Kornik-1-1024x683.png\"\n                    alt=\"Maciej Kornik\"\n                    class=\"w-full h-full object-cover object-top\"\n                >\n                    <\/div>\n    <\/div>\n<\/div>\n\n","protected":false},"featured_media":8207,"parent":5912,"menu_order":0,"template":"","class_list":["post-5913","product","type-product","status-publish","has-post-thumbnail","hentry"],"acf":[],"yoast_head":"<!-- This site is optimized with the Yoast SEO plugin v27.4 - https:\/\/yoast.com\/product\/yoast-seo-wordpress\/ -->\n<title>ANCHORING WITH REINFORCED CONCRETE BEAMS - CGH Group<\/title>\n<meta name=\"robots\" content=\"index, follow, max-snippet:-1, max-image-preview:large, max-video-preview:-1\" \/>\n<link rel=\"canonical\" href=\"https:\/\/cgh-group.com\/en\/products\/fuel\/anchoring-systems\/anchoring-with-reinforced-concrete-beams\/\" \/>\n<meta property=\"og:locale\" content=\"en_US\" \/>\n<meta property=\"og:type\" content=\"article\" \/>\n<meta property=\"og:title\" content=\"ANCHORING WITH REINFORCED CONCRETE BEAMS - CGH Group\" \/>\n<meta property=\"og:url\" content=\"https:\/\/cgh-group.com\/en\/products\/fuel\/anchoring-systems\/anchoring-with-reinforced-concrete-beams\/\" \/>\n<meta property=\"og:site_name\" content=\"CGH Group\" \/>\n<meta property=\"article:modified_time\" content=\"2026-04-23T12:53:35+00:00\" \/>\n<meta property=\"og:image\" content=\"https:\/\/cgh-group.com\/wp-content\/uploads\/2025\/11\/Kotwienie-za-pomoca-belek-zelbetowych-scaled.webp\" \/>\n\t<meta property=\"og:image:width\" content=\"2560\" \/>\n\t<meta property=\"og:image:height\" content=\"1429\" \/>\n\t<meta property=\"og:image:type\" content=\"image\/webp\" \/>\n<meta name=\"twitter:card\" content=\"summary_large_image\" \/>\n<meta name=\"twitter:label1\" content=\"Est. reading time\" \/>\n\t<meta name=\"twitter:data1\" content=\"1 minute\" \/>\n<script type=\"application\/ld+json\" class=\"yoast-schema-graph\">{\"@context\":\"https:\\\/\\\/schema.org\",\"@graph\":[{\"@type\":\"WebPage\",\"@id\":\"https:\\\/\\\/cgh-group.com\\\/en\\\/products\\\/fuel\\\/anchoring-systems\\\/anchoring-with-reinforced-concrete-beams\\\/\",\"url\":\"https:\\\/\\\/cgh-group.com\\\/en\\\/products\\\/fuel\\\/anchoring-systems\\\/anchoring-with-reinforced-concrete-beams\\\/\",\"name\":\"ANCHORING WITH REINFORCED CONCRETE BEAMS - CGH Group\",\"isPartOf\":{\"@id\":\"https:\\\/\\\/cgh-group.com\\\/#website\"},\"primaryImageOfPage\":{\"@id\":\"https:\\\/\\\/cgh-group.com\\\/en\\\/products\\\/fuel\\\/anchoring-systems\\\/anchoring-with-reinforced-concrete-beams\\\/#primaryimage\"},\"image\":{\"@id\":\"https:\\\/\\\/cgh-group.com\\\/en\\\/products\\\/fuel\\\/anchoring-systems\\\/anchoring-with-reinforced-concrete-beams\\\/#primaryimage\"},\"thumbnailUrl\":\"https:\\\/\\\/cgh-group.com\\\/wp-content\\\/uploads\\\/2025\\\/11\\\/Kotwienie-za-pomoca-belek-zelbetowych-scaled.webp\",\"datePublished\":\"2025-11-25T13:50:52+00:00\",\"dateModified\":\"2026-04-23T12:53:35+00:00\",\"breadcrumb\":{\"@id\":\"https:\\\/\\\/cgh-group.com\\\/en\\\/products\\\/fuel\\\/anchoring-systems\\\/anchoring-with-reinforced-concrete-beams\\\/#breadcrumb\"},\"inLanguage\":\"en-US\",\"potentialAction\":[{\"@type\":\"ReadAction\",\"target\":[\"https:\\\/\\\/cgh-group.com\\\/en\\\/products\\\/fuel\\\/anchoring-systems\\\/anchoring-with-reinforced-concrete-beams\\\/\"]}]},{\"@type\":\"ImageObject\",\"inLanguage\":\"en-US\",\"@id\":\"https:\\\/\\\/cgh-group.com\\\/en\\\/products\\\/fuel\\\/anchoring-systems\\\/anchoring-with-reinforced-concrete-beams\\\/#primaryimage\",\"url\":\"https:\\\/\\\/cgh-group.com\\\/wp-content\\\/uploads\\\/2025\\\/11\\\/Kotwienie-za-pomoca-belek-zelbetowych-scaled.webp\",\"contentUrl\":\"https:\\\/\\\/cgh-group.com\\\/wp-content\\\/uploads\\\/2025\\\/11\\\/Kotwienie-za-pomoca-belek-zelbetowych-scaled.webp\",\"width\":2560,\"height\":1429},{\"@type\":\"BreadcrumbList\",\"@id\":\"https:\\\/\\\/cgh-group.com\\\/en\\\/products\\\/fuel\\\/anchoring-systems\\\/anchoring-with-reinforced-concrete-beams\\\/#breadcrumb\",\"itemListElement\":[{\"@type\":\"ListItem\",\"position\":1,\"name\":\"Home\",\"item\":\"https:\\\/\\\/cgh-group.com\\\/en\\\/\"},{\"@type\":\"ListItem\",\"position\":2,\"name\":\"Fuel\",\"item\":\"https:\\\/\\\/cgh-group.com\\\/en\\\/products\\\/fuel\\\/\"},{\"@type\":\"ListItem\",\"position\":3,\"name\":\"Anchoring systems\",\"item\":\"https:\\\/\\\/cgh-group.com\\\/en\\\/products\\\/fuel\\\/anchoring-systems\\\/\"},{\"@type\":\"ListItem\",\"position\":4,\"name\":\"ANCHORING WITH REINFORCED CONCRETE BEAMS\"}]},{\"@type\":\"WebSite\",\"@id\":\"https:\\\/\\\/cgh-group.com\\\/#website\",\"url\":\"https:\\\/\\\/cgh-group.com\\\/\",\"name\":\"CGH Group\",\"description\":\"\",\"potentialAction\":[{\"@type\":\"SearchAction\",\"target\":{\"@type\":\"EntryPoint\",\"urlTemplate\":\"https:\\\/\\\/cgh-group.com\\\/?s={search_term_string}\"},\"query-input\":{\"@type\":\"PropertyValueSpecification\",\"valueRequired\":true,\"valueName\":\"search_term_string\"}}],\"inLanguage\":\"en-US\"}]}<\/script>\n<!-- \/ Yoast SEO plugin. -->","yoast_head_json":{"title":"ANCHORING WITH REINFORCED CONCRETE BEAMS - CGH Group","robots":{"index":"index","follow":"follow","max-snippet":"max-snippet:-1","max-image-preview":"max-image-preview:large","max-video-preview":"max-video-preview:-1"},"canonical":"https:\/\/cgh-group.com\/en\/products\/fuel\/anchoring-systems\/anchoring-with-reinforced-concrete-beams\/","og_locale":"en_US","og_type":"article","og_title":"ANCHORING WITH REINFORCED CONCRETE BEAMS - CGH Group","og_url":"https:\/\/cgh-group.com\/en\/products\/fuel\/anchoring-systems\/anchoring-with-reinforced-concrete-beams\/","og_site_name":"CGH Group","article_modified_time":"2026-04-23T12:53:35+00:00","og_image":[{"width":2560,"height":1429,"url":"https:\/\/cgh-group.com\/wp-content\/uploads\/2025\/11\/Kotwienie-za-pomoca-belek-zelbetowych-scaled.webp","type":"image\/webp"}],"twitter_card":"summary_large_image","twitter_misc":{"Est. reading time":"1 minute"},"schema":{"@context":"https:\/\/schema.org","@graph":[{"@type":"WebPage","@id":"https:\/\/cgh-group.com\/en\/products\/fuel\/anchoring-systems\/anchoring-with-reinforced-concrete-beams\/","url":"https:\/\/cgh-group.com\/en\/products\/fuel\/anchoring-systems\/anchoring-with-reinforced-concrete-beams\/","name":"ANCHORING WITH REINFORCED CONCRETE BEAMS - CGH Group","isPartOf":{"@id":"https:\/\/cgh-group.com\/#website"},"primaryImageOfPage":{"@id":"https:\/\/cgh-group.com\/en\/products\/fuel\/anchoring-systems\/anchoring-with-reinforced-concrete-beams\/#primaryimage"},"image":{"@id":"https:\/\/cgh-group.com\/en\/products\/fuel\/anchoring-systems\/anchoring-with-reinforced-concrete-beams\/#primaryimage"},"thumbnailUrl":"https:\/\/cgh-group.com\/wp-content\/uploads\/2025\/11\/Kotwienie-za-pomoca-belek-zelbetowych-scaled.webp","datePublished":"2025-11-25T13:50:52+00:00","dateModified":"2026-04-23T12:53:35+00:00","breadcrumb":{"@id":"https:\/\/cgh-group.com\/en\/products\/fuel\/anchoring-systems\/anchoring-with-reinforced-concrete-beams\/#breadcrumb"},"inLanguage":"en-US","potentialAction":[{"@type":"ReadAction","target":["https:\/\/cgh-group.com\/en\/products\/fuel\/anchoring-systems\/anchoring-with-reinforced-concrete-beams\/"]}]},{"@type":"ImageObject","inLanguage":"en-US","@id":"https:\/\/cgh-group.com\/en\/products\/fuel\/anchoring-systems\/anchoring-with-reinforced-concrete-beams\/#primaryimage","url":"https:\/\/cgh-group.com\/wp-content\/uploads\/2025\/11\/Kotwienie-za-pomoca-belek-zelbetowych-scaled.webp","contentUrl":"https:\/\/cgh-group.com\/wp-content\/uploads\/2025\/11\/Kotwienie-za-pomoca-belek-zelbetowych-scaled.webp","width":2560,"height":1429},{"@type":"BreadcrumbList","@id":"https:\/\/cgh-group.com\/en\/products\/fuel\/anchoring-systems\/anchoring-with-reinforced-concrete-beams\/#breadcrumb","itemListElement":[{"@type":"ListItem","position":1,"name":"Home","item":"https:\/\/cgh-group.com\/en\/"},{"@type":"ListItem","position":2,"name":"Fuel","item":"https:\/\/cgh-group.com\/en\/products\/fuel\/"},{"@type":"ListItem","position":3,"name":"Anchoring systems","item":"https:\/\/cgh-group.com\/en\/products\/fuel\/anchoring-systems\/"},{"@type":"ListItem","position":4,"name":"ANCHORING WITH REINFORCED CONCRETE BEAMS"}]},{"@type":"WebSite","@id":"https:\/\/cgh-group.com\/#website","url":"https:\/\/cgh-group.com\/","name":"CGH Group","description":"","potentialAction":[{"@type":"SearchAction","target":{"@type":"EntryPoint","urlTemplate":"https:\/\/cgh-group.com\/?s={search_term_string}"},"query-input":{"@type":"PropertyValueSpecification","valueRequired":true,"valueName":"search_term_string"}}],"inLanguage":"en-US"}]}},"uagb_featured_image_src":{"full":["https:\/\/cgh-group.com\/wp-content\/uploads\/2025\/11\/Kotwienie-za-pomoca-belek-zelbetowych-scaled.webp",2560,1429,false],"thumbnail":["https:\/\/cgh-group.com\/wp-content\/uploads\/2025\/11\/Kotwienie-za-pomoca-belek-zelbetowych-150x150.webp",150,150,true],"medium":["https:\/\/cgh-group.com\/wp-content\/uploads\/2025\/11\/Kotwienie-za-pomoca-belek-zelbetowych-300x167.webp",300,167,true],"medium_large":["https:\/\/cgh-group.com\/wp-content\/uploads\/2025\/11\/Kotwienie-za-pomoca-belek-zelbetowych-768x429.webp",768,429,true],"large":["https:\/\/cgh-group.com\/wp-content\/uploads\/2025\/11\/Kotwienie-za-pomoca-belek-zelbetowych-1024x572.webp",1024,572,true],"1536x1536":["https:\/\/cgh-group.com\/wp-content\/uploads\/2025\/11\/Kotwienie-za-pomoca-belek-zelbetowych-1536x857.webp",1536,857,true],"2048x2048":["https:\/\/cgh-group.com\/wp-content\/uploads\/2025\/11\/Kotwienie-za-pomoca-belek-zelbetowych-2048x1143.webp",2048,1143,true]},"uagb_author_info":{"display_name":"Robert Chru\u015bci\u0144ski","author_link":"https:\/\/cgh-group.com\/en\/author\/"},"uagb_comment_info":0,"uagb_excerpt":null,"_links":{"self":[{"href":"https:\/\/cgh-group.com\/en\/wp-json\/wp\/v2\/product\/5913","targetHints":{"allow":["GET"]}}],"collection":[{"href":"https:\/\/cgh-group.com\/en\/wp-json\/wp\/v2\/product"}],"about":[{"href":"https:\/\/cgh-group.com\/en\/wp-json\/wp\/v2\/types\/product"}],"up":[{"embeddable":true,"href":"https:\/\/cgh-group.com\/en\/wp-json\/wp\/v2\/product\/5912"}],"wp:featuredmedia":[{"embeddable":true,"href":"https:\/\/cgh-group.com\/en\/wp-json\/wp\/v2\/media\/8207"}],"wp:attachment":[{"href":"https:\/\/cgh-group.com\/en\/wp-json\/wp\/v2\/media?parent=5913"}],"curies":[{"name":"wp","href":"https:\/\/api.w.org\/{rel}","templated":true}]}}